{"id":1149,"date":"2026-03-03T09:15:35","date_gmt":"2026-03-03T09:15:35","guid":{"rendered":"https:\/\/flowalp.com\/termini-e-condizioni-generali\/"},"modified":"2026-05-10T15:27:43","modified_gmt":"2026-05-10T15:27:43","slug":"termini-e-condizioni-generali","status":"publish","type":"page","link":"https:\/\/flowalp.com\/it\/termini-e-condizioni-generali\/","title":{"rendered":"Termini e condizioni generali"},"content":{"rendered":"\t\t<div data-elementor-type=\"wp-post\" data-elementor-id=\"1149\" class=\"elementor elementor-1149 elementor-757\">\n\t\t\t\t\t\t<section class=\"elementor-section elementor-top-section elementor-element elementor-element-zj6jjty elementor-section-height-min-height elementor-section-boxed elementor-section-height-default elementor-section-items-middle\" data-id=\"zj6jjty\" data-element_type=\"section\" data-settings=\"{&quot;background_background&quot;:&quot;classic&quot;}\">\n\t\t\t\t\t\t\t<div class=\"elementor-background-overlay\"><\/div>\n\t\t\t\t\t\t\t<div class=\"elementor-container elementor-column-gap-default\">\n\t\t\t\t\t<div class=\"elementor-column elementor-col-100 elementor-top-column elementor-element elementor-element-gpqnzgu\" data-id=\"gpqnzgu\" data-element_type=\"column\">\n\t\t\t<div class=\"elementor-widget-wrap elementor-element-populated\">\n\t\t\t\t\t\t<div class=\"elementor-element elementor-element-ze1ctz3 elementor-widget elementor-widget-spacer\" data-id=\"ze1ctz3\" data-element_type=\"widget\" data-widget_type=\"spacer.default\">\n\t\t\t\t<div class=\"elementor-widget-container\">\n\t\t\t\t\t\t\t<div class=\"elementor-spacer\">\n\t\t\t<div class=\"elementor-spacer-inner\"><\/div>\n\t\t<\/div>\n\t\t\t\t\t\t<\/div>\n\t\t\t\t<\/div>\n\t\t\t\t<div class=\"elementor-element elementor-element-qx4nrah elementor-view-default elementor-position-top elementor-invisible elementor-widget elementor-widget-themo-header\" data-id=\"qx4nrah\" data-element_type=\"widget\" data-settings=\"{&quot;_animation&quot;:&quot;fadeIn&quot;}\" data-widget_type=\"themo-header.default\">\n\t\t\t\t<div class=\"elementor-widget-container\">\n\t\t\t\t\t\t\t<div class=\"th-header-wrap\">\n        <div class=\"elementor-icon-box-wrapper \">\n                            <div class=\"elementor-icon-box-content\">\n                    <h1 class=\"elementor-icon-box-title\">\n                        Termini e Condizioni Generali                    <\/h1>\n                                        <p class=\"elementor-icon-box-description\"><\/p>\n\n                                    <\/div>\n            <\/div>\n\n        <\/div>\n\n\t\t\t\t\t\t<\/div>\n\t\t\t\t<\/div>\n\t\t\t\t<div class=\"elementor-element elementor-element-omcpdho elementor-widget elementor-widget-spacer\" data-id=\"omcpdho\" data-element_type=\"widget\" data-widget_type=\"spacer.default\">\n\t\t\t\t<div class=\"elementor-widget-container\">\n\t\t\t\t\t\t\t<div class=\"elementor-spacer\">\n\t\t\t<div class=\"elementor-spacer-inner\"><\/div>\n\t\t<\/div>\n\t\t\t\t\t\t<\/div>\n\t\t\t\t<\/div>\n\t\t\t\t\t<\/div>\n\t\t<\/div>\n\t\t\t\t\t<\/div>\n\t\t<\/section>\n\t\t\t\t<section class=\"elementor-section elementor-top-section elementor-element elementor-element-ulvllrb elementor-section-boxed elementor-section-height-default elementor-section-height-default\" data-id=\"ulvllrb\" data-element_type=\"section\" data-settings=\"{&quot;background_background&quot;:&quot;classic&quot;}\">\n\t\t\t\t\t\t<div class=\"elementor-container elementor-column-gap-default\">\n\t\t\t\t\t<div class=\"elementor-column elementor-col-100 elementor-top-column elementor-element elementor-element-xfodklp\" data-id=\"xfodklp\" data-element_type=\"column\">\n\t\t\t<div class=\"elementor-widget-wrap elementor-element-populated\">\n\t\t\t\t\t\t<div class=\"elementor-element elementor-element-17535a2 elementor-widget elementor-widget-text-editor\" data-id=\"17535a2\" data-element_type=\"widget\" data-widget_type=\"text-editor.default\">\n\t\t\t\t<div class=\"elementor-widget-container\">\n\t\t\t\t\t\t\t\t\t<p data-start=\"214\" data-end=\"262\"><strong data-start=\"214\" data-end=\"260\">Termini e condizioni (CGC) di FlowAlp SAGL<\/strong><\/p><p data-start=\"264\" data-end=\"301\"><strong data-start=\"264\" data-end=\"299\">Data di entrata in vigore: 23 gennaio 2026<\/strong><\/p><ol data-start=\"303\" data-end=\"324\"><li data-start=\"303\" data-end=\"324\"><p data-start=\"306\" data-end=\"324\"><strong data-start=\"306\" data-end=\"322\">Introduzione<\/strong><\/p><\/li><\/ol><p data-start=\"326\" data-end=\"636\">I presenti Termini e condizioni (\u201cTermini\u201d) regolano l&#8217;uso dei servizi forniti da FlowAlp SAGL (\u201cFlowAlp\u201d, \u201cnoi\u201d, \u201cci\u201d, \u201cnostro\u201d), inclusi, a titolo esemplificativo ma non esaustivo, il nostro sito web flowalp.com, i nostri strumenti di gestione eventi, i servizi di elaborazione dei pagamenti, la piattaforma di pianificazione e qualsiasi software o soluzione correlata (\u201cServizi\u201d).<\/p><p data-start=\"638\" data-end=\"753\">Utilizzando i nostri Servizi, accetti i presenti Termini.<br data-start=\"686\" data-end=\"689\">Se non sei d&#8217;accordo, devi interrompere l&#8217;uso dei nostri Servizi.<\/p><ol start=\"2\" data-start=\"755\" data-end=\"796\"><li data-start=\"755\" data-end=\"796\"><p data-start=\"758\" data-end=\"796\"><strong data-start=\"758\" data-end=\"794\">Priorit\u00e0 dei contratti individuali<\/strong><\/p><\/li><\/ol><p data-start=\"798\" data-end=\"973\">Qualora esista un contratto scritto tra FlowAlp e un cliente (ad esempio, un organizzatore di eventi, un&#8217;azienda o un&#8217;organizzazione), il contratto individuale prevale sui presenti Termini.<\/p><p data-start=\"975\" data-end=\"1083\">I presenti Termini si applicano solo laddove l&#8217;accordo individuale sia silente o non fornisca istruzioni specifiche.<\/p><ol start=\"3\" data-start=\"1085\" data-end=\"1124\"><li data-start=\"1085\" data-end=\"1124\"><p data-start=\"1088\" data-end=\"1124\"><strong data-start=\"1088\" data-end=\"1122\">Foro competente e legge applicabile<\/strong><\/p><\/li><\/ol><p data-start=\"1126\" data-end=\"1314\">Tutti i Servizi sono regolati esclusivamente dal diritto svizzero.<br data-start=\"1177\" data-end=\"1180\">Il foro competente esclusivo per tutte le controversie derivanti da o relative ai nostri Servizi o ai presenti Termini \u00e8 Biasca, Svizzera.<\/p><p data-start=\"1316\" data-end=\"1368\">Non si applica nessun&#8217;altra giurisdizione o sistema legale.<\/p><ol start=\"4\" data-start=\"1370\" data-end=\"1426\"><li data-start=\"1370\" data-end=\"1426\"><p data-start=\"1373\" data-end=\"1426\"><strong data-start=\"1373\" data-end=\"1424\">Natura dei servizi \u2013 Miglior sforzo, nessuna garanzia<\/strong><\/p><\/li><\/ol><p data-start=\"1428\" data-end=\"1498\">Tutti i Servizi forniti da FlowAlp sono offerti in base al principio del \u201cbest-effort\u201d (massimo impegno).<\/p><p data-start=\"1500\" data-end=\"1510\">FlowAlp:<\/p><ul data-start=\"1512\" data-end=\"1785\"><li data-start=\"1512\" data-end=\"1545\"><p data-start=\"1514\" data-end=\"1545\">Non fornisce garanzie legali,<\/p><\/li><li data-start=\"1546\" data-end=\"1611\"><p data-start=\"1548\" data-end=\"1611\">Non offre garanzie di alcun tipo, sia esplicite che implicite,<\/p><\/li><li data-start=\"1612\" data-end=\"1703\"><p data-start=\"1614\" data-end=\"1703\">Non garantisce la disponibilit\u00e0, l&#8217;affidabilit\u00e0, l&#8217;accuratezza o il funzionamento ininterrotto, e<\/p><\/li><li data-start=\"1704\" data-end=\"1785\"><p data-start=\"1706\" data-end=\"1785\">Non \u00e8 responsabile per problemi tecnici, tempi di inattivit\u00e0 o guasti ai sistemi di terze parti.<\/p><\/li><\/ul><p data-start=\"1787\" data-end=\"1845\">Tutti i Servizi sono forniti \u201ccos\u00ec come sono\u201d senza alcuna garanzia.<\/p><ol start=\"5\" data-start=\"1847\" data-end=\"1907\"><li data-start=\"1847\" data-end=\"1907\"><p data-start=\"1850\" data-end=\"1907\"><strong data-start=\"1850\" data-end=\"1905\">Responsabilit\u00e0 degli organizzatori di eventi e delle aziende<\/strong><\/p><\/li><\/ol><p data-start=\"1909\" data-end=\"2160\">FlowAlp fornisce strumenti per la gestione di eventi, l&#8217;elaborazione dei pagamenti, l&#8217;amministrazione del personale e funzionalit\u00e0 correlate.<br data-start=\"2024\" data-end=\"2027\">FlowAlp non \u00e8 l&#8217;organizzatore di alcun evento e non \u00e8 il fornitore di alcun prodotto o servizio finale, a meno che non sia esplicitamente indicato diversamente.<\/p><p data-start=\"2162\" data-end=\"2204\"><strong data-start=\"2162\" data-end=\"2202\">5.1 Responsabilit\u00e0 dell&#8217;organizzatore dell&#8217;evento<\/strong><\/p><p data-start=\"2206\" data-end=\"2283\">Gli organizzatori di eventi, le aziende o le istituzioni (\u201cOrganizzatori\u201d) che utilizzano FlowAlp:<\/p><ul data-start=\"2285\" data-end=\"2789\"><li data-start=\"2285\" data-end=\"2349\"><p data-start=\"2287\" data-end=\"2349\">Sono pienamente ed esclusivamente responsabili degli eventi che gestiscono<\/p><\/li><li data-start=\"2350\" data-end=\"2424\"><p data-start=\"2352\" data-end=\"2424\">Sono pienamente responsabili dell&#8217;accuratezza delle informazioni fornite<\/p><\/li><li data-start=\"2425\" data-end=\"2530\"><p data-start=\"2427\" data-end=\"2530\">Sono pienamente responsabili dei prodotti, dei servizi, dei vantaggi e delle esperienze che offrono agli utenti finali<\/p><\/li><li data-start=\"2531\" data-end=\"2639\"><p data-start=\"2533\" data-end=\"2639\">Sono responsabili per eventuali costi, danni o conseguenze legali derivanti dalle loro attivit\u00e0 commerciali o dall&#8217;evento<\/p><\/li><li data-start=\"2640\" data-end=\"2724\"><p data-start=\"2642\" data-end=\"2724\">Devono gestire tutto il servizio clienti, i reclami e le richieste di rimborso degli utenti finali<\/p><\/li><li data-start=\"2725\" data-end=\"2789\"><p data-start=\"2727\" data-end=\"2789\">Devono rispettare tutte le leggi locali applicabili alla loro attivit\u00e0<\/p><\/li><\/ul><p data-start=\"2791\" data-end=\"2922\">FlowAlp fornisce solo l&#8217;infrastruttura tecnica e non si assume alcuna responsabilit\u00e0 per la condotta o gli obblighi dell&#8217;Organizzatore.<\/p><p data-start=\"2924\" data-end=\"2980\"><strong data-start=\"2924\" data-end=\"2978\">5.2 Costi extra, chargeback e penali per i dispositivi<\/strong><\/p><p data-start=\"2982\" data-end=\"3088\">Gli Organizzatori sono responsabili di tutti i costi sostenuti a causa delle loro attivit\u00e0, inclusi ma non limitati a:<\/p><ul data-start=\"3090\" data-end=\"3583\"><li data-start=\"3090\" data-end=\"3205\"><p data-start=\"3092\" data-end=\"3205\">Chargeback: tutte le commissioni e i costi relativi ai chargeback sono di esclusiva responsabilit\u00e0 dell&#8217;Organizzatore o dell&#8217;esercente<\/p><\/li><li data-start=\"3206\" data-end=\"3226\"><p data-start=\"3208\" data-end=\"3226\">Controversie di pagamento<\/p><\/li><li data-start=\"3227\" data-end=\"3270\"><p data-start=\"3229\" data-end=\"3270\">Penali applicate dai processori di pagamento<\/p><\/li><li data-start=\"3271\" data-end=\"3287\"><p data-start=\"3273\" data-end=\"3287\">Costi di rimborso<\/p><\/li><li data-start=\"3288\" data-end=\"3311\"><p data-start=\"3290\" data-end=\"3311\">Spese amministrative<\/p><\/li><li data-start=\"3312\" data-end=\"3424\"><p data-start=\"3314\" data-end=\"3424\">Qualsiasi perdita finanziaria subita da FlowAlp a causa di azioni o omissioni dell&#8217;Organizzatore sar\u00e0 riaddebitata all&#8217;Organizzatore stesso<\/p><\/li><li data-start=\"3425\" data-end=\"3583\"><p data-start=\"3427\" data-end=\"3583\">Qualsiasi dispositivo FlowAlp (ad es. terminale POS) smarrito, danneggiato o non restituito al termine del contratto pu\u00f2 comportare <strong data-start=\"3543\" data-end=\"3581\">una penale fino a 700 CHF per dispositivo<\/strong><\/p><\/li><\/ul><ol start=\"6\" data-start=\"3585\" data-end=\"3639\"><li data-start=\"3585\" data-end=\"3639\"><p data-start=\"3588\" data-end=\"3639\"><strong data-start=\"3588\" data-end=\"3637\">Elaborazione dei pagamenti e attivit\u00e0 di terze parti<\/strong><\/p><\/li><\/ol><p data-start=\"3641\" data-end=\"3729\">FlowAlp pu\u00f2 elaborare pagamenti per conto di terzi, inclusi ma non limitati a:<\/p><ul data-start=\"3731\" data-end=\"3850\"><li data-start=\"3731\" data-end=\"3751\"><p data-start=\"3733\" data-end=\"3751\">Organizzatori di eventi<\/p><\/li><li data-start=\"3752\" data-end=\"3767\"><p data-start=\"3754\" data-end=\"3767\">Ristoranti<\/p><\/li><li data-start=\"3768\" data-end=\"3786\"><p data-start=\"3770\" data-end=\"3786\">Fornitori di cibo<\/p><\/li><li data-start=\"3787\" data-end=\"3807\"><p data-start=\"3789\" data-end=\"3807\">Attivit\u00e0 locali<\/p><\/li><li data-start=\"3808\" data-end=\"3830\"><p data-start=\"3810\" data-end=\"3830\">Fornitori di attivit\u00e0<\/p><\/li><li data-start=\"3831\" data-end=\"3850\"><p data-start=\"3833\" data-end=\"3850\">Venditori di servizi<\/p><\/li><\/ul><p data-start=\"3852\" data-end=\"3944\">FlowAlp agisce solo come intermediario tecnico o agente di riscossione, a seconda della configurazione.<\/p><p data-start=\"3946\" data-end=\"4000\"><strong data-start=\"3946\" data-end=\"3998\">6.1 Responsabilit\u00e0 per i prodotti e i servizi finali<\/strong><\/p><p data-start=\"4002\" data-end=\"4092\">Quando FlowAlp elabora i pagamenti per un&#8217;attivit\u00e0 (ad es. un ristorante o un fornitore di servizi):<\/p><p data-start=\"4094\" data-end=\"4226\">FlowAlp non fornisce, garantisce n\u00e9 si assume la responsabilit\u00e0 per i prodotti, i servizi, il cibo, le prenotazioni o le esperienze effettive.<\/p><p data-start=\"4228\" data-end=\"4286\">L&#8217;attivit\u00e0 stessa \u00e8 pienamente ed esclusivamente responsabile per:<\/p><ul data-start=\"4288\" data-end=\"4456\"><li data-start=\"4288\" data-end=\"4329\"><p data-start=\"4290\" data-end=\"4329\">La qualit\u00e0 del servizio o del prodotto<\/p><\/li><li data-start=\"4330\" data-end=\"4363\"><p data-start=\"4332\" data-end=\"4363\">La consegna di quanto acquistato<\/p><\/li><li data-start=\"4364\" data-end=\"4417\"><p data-start=\"4366\" data-end=\"4417\">La gestione di reclami, richieste di rimborso o controversie<\/p><\/li><li data-start=\"4418\" data-end=\"4456\"><p data-start=\"4420\" data-end=\"4456\">Qualsiasi conformit\u00e0 legale o normativa<\/p><\/li><\/ul><p data-start=\"4458\" data-end=\"4487\"><strong data-start=\"4458\" data-end=\"4485\">6.2 Reclami degli utenti finali<\/strong><\/p><p data-start=\"4489\" data-end=\"4626\">Gli utenti finali devono indirizzare tutti i reclami, le richieste, le controversie e le domande di rimborso direttamente all&#8217;attivit\u00e0 o all&#8217;organizzatore dell&#8217;evento responsabile.<\/p><p data-start=\"4628\" data-end=\"4674\">FlowAlp non media controversie riguardanti:<\/p><ul data-start=\"4676\" data-end=\"4794\"><li data-start=\"4676\" data-end=\"4707\"><p data-start=\"4678\" data-end=\"4707\">Cibo, prodotti o servizi<\/p><\/li><li data-start=\"4708\" data-end=\"4729\"><p data-start=\"4710\" data-end=\"4729\">Esperienze legate all&#8217;evento<\/p><\/li><li data-start=\"4730\" data-end=\"4752\"><p data-start=\"4732\" data-end=\"4752\">Problemi di prenotazione<\/p><\/li><li data-start=\"4753\" data-end=\"4772\"><p data-start=\"4755\" data-end=\"4772\">Qualit\u00e0 del servizio<\/p><\/li><li data-start=\"4773\" data-end=\"4794\"><p data-start=\"4775\" data-end=\"4794\">Mancata consegna<\/p><\/li><\/ul><p data-start=\"4796\" data-end=\"4911\">FlowAlp pu\u00f2 inoltrare le problematiche dell&#8217;utente finale all&#8217;Organizzatore o all&#8217;attivit\u00e0 competente senza assumersi alcuna responsabilit\u00e0.<\/p><ol start=\"7\" data-start=\"4913\" data-end=\"4929\"><li data-start=\"4913\" data-end=\"4929\"><p data-start=\"4916\" data-end=\"4929\"><strong data-start=\"4916\" data-end=\"4927\">Rimborsi<\/strong><\/p><\/li><\/ol><p data-start=\"4931\" data-end=\"5026\">FlowAlp non emette rimborsi per prodotti o servizi forniti da Organizzatori o aziende.<\/p><p data-start=\"5028\" data-end=\"5076\">Le richieste di rimborso devono essere indirizzate direttamente a:<\/p><ul data-start=\"5078\" data-end=\"5160\"><li data-start=\"5078\" data-end=\"5105\"><p data-start=\"5080\" data-end=\"5105\">L&#8217;organizzatore dell&#8217;evento, oppure<\/p><\/li><li data-start=\"5106\" data-end=\"5160\"><p data-start=\"5108\" data-end=\"5160\">L&#8217;azienda che fornisce il prodotto o il servizio finale.<\/p><\/li><\/ul><p data-start=\"5162\" data-end=\"5195\">FlowAlp non \u00e8 responsabile per:<\/p><ul data-start=\"5197\" data-end=\"5335\"><li data-start=\"5197\" data-end=\"5217\"><p data-start=\"5199\" data-end=\"5217\">Decisioni di rimborso<\/p><\/li><li data-start=\"5218\" data-end=\"5239\"><p data-start=\"5220\" data-end=\"5239\">Elaborazione dei rimborsi<\/p><\/li><li data-start=\"5240\" data-end=\"5281\"><p data-start=\"5242\" data-end=\"5281\">Ritardo, rifiuto o gestione dei rimborsi<\/p><\/li><li data-start=\"5282\" data-end=\"5335\"><p data-start=\"5284\" data-end=\"5335\">Perdite derivanti da azioni dell&#8217;Organizzatore o dell&#8217;azienda<\/p><\/li><\/ul><ol start=\"8\" data-start=\"5337\" data-end=\"5369\"><li data-start=\"5337\" data-end=\"5369\"><p data-start=\"5340\" data-end=\"5369\"><strong data-start=\"5340\" data-end=\"5367\">Limitazione di responsabilit\u00e0<\/strong><\/p><\/li><\/ol><p data-start=\"5371\" data-end=\"5421\">Nella misura massima consentita dalla legge svizzera:<\/p><ul data-start=\"5423\" data-end=\"5987\"><li data-start=\"5423\" data-end=\"5518\"><p data-start=\"5425\" data-end=\"5518\">FlowAlp non \u00e8 responsabile per danni indiretti, incidentali, punitivi, speciali o consequenziali<\/p><\/li><li data-start=\"5519\" data-end=\"5578\"><p data-start=\"5521\" data-end=\"5578\">FlowAlp non \u00e8 responsabile per le azioni dell&#8217;Organizzatore o dell&#8217;azienda<\/p><\/li><li data-start=\"5579\" data-end=\"5668\"><p data-start=\"5581\" data-end=\"5668\">FlowAlp non \u00e8 responsabile per tempi di inattivit\u00e0 del sistema, perdita di dati o guasti ai servizi di terze parti<\/p><\/li><li data-start=\"5669\" data-end=\"5758\"><p data-start=\"5671\" data-end=\"5758\">FlowAlp non \u00e8 responsabile della correttezza dei dati inseriti dagli utenti o dagli organizzatori<\/p><\/li><li data-start=\"5759\" data-end=\"5835\"><p data-start=\"5761\" data-end=\"5835\">FlowAlp non \u00e8 responsabile per i prodotti finali, i servizi o gli esiti degli eventi<\/p><\/li><li data-start=\"5836\" data-end=\"5987\"><p data-start=\"5838\" data-end=\"5987\">La responsabilit\u00e0 totale di FlowAlp per qualsiasi reclamo \u00e8 limitata all&#8217;importo pagato dal cliente per lo specifico Servizio nei 30 giorni precedenti l&#8217;incidente<\/p><\/li><\/ul><ol start=\"9\" data-start=\"5989\" data-end=\"6035\"><li data-start=\"5989\" data-end=\"6035\"><p data-start=\"5992\" data-end=\"6035\"><strong data-start=\"5992\" data-end=\"6033\">Sospensione o interruzione dei servizi<\/strong><\/p><\/li><\/ol><p data-start=\"6037\" data-end=\"6144\">FlowAlp pu\u00f2 sospendere o interrompere l&#8217;accesso ai Servizi in qualsiasi momento per motivi inclusi, ma non limitati a:<\/p><ul data-start=\"6146\" data-end=\"6288\"><li data-start=\"6146\" data-end=\"6155\"><p data-start=\"6148\" data-end=\"6155\">Frode<\/p><\/li><li data-start=\"6156\" data-end=\"6165\"><p data-start=\"6158\" data-end=\"6165\">Abuso<\/p><\/li><li data-start=\"6166\" data-end=\"6192\"><p data-start=\"6168\" data-end=\"6192\">Uso improprio della piattaforma<\/p><\/li><li data-start=\"6193\" data-end=\"6213\"><p data-start=\"6195\" data-end=\"6213\">Violazioni legali<\/p><\/li><li data-start=\"6214\" data-end=\"6229\"><p data-start=\"6216\" data-end=\"6229\">Mancato pagamento<\/p><\/li><li data-start=\"6230\" data-end=\"6262\"><p data-start=\"6232\" data-end=\"6262\">Problemi tecnici o di sicurezza<\/p><\/li><li data-start=\"6263\" data-end=\"6288\"><p data-start=\"6265\" data-end=\"6288\">Violazione dei presenti Termini<\/p><\/li><\/ul><ol start=\"10\" data-start=\"6290\" data-end=\"6322\"><li data-start=\"6290\" data-end=\"6322\"><p data-start=\"6294\" data-end=\"6322\"><strong data-start=\"6294\" data-end=\"6320\">Modifiche ai presenti Termini<\/strong><\/p><\/li><\/ol><p data-start=\"6324\" data-end=\"6536\">FlowAlp pu\u00f2 aggiornare o modificare i presenti Termini in qualsiasi momento. I Termini aggiornati saranno pubblicati sul Sito Web con una data di decorrenza aggiornata. L&#8217;uso continuato dei Servizi costituisce l&#8217;accettazione dei Termini aggiornati.  <\/p>\t\t\t\t\t\t\t\t<\/div>\n\t\t\t\t<\/div>\n\t\t\t\t\t<\/div>\n\t\t<\/div>\n\t\t\t\t\t<\/div>\n\t\t<\/section>\n\t\t\t\t<\/div>\n\t\t","protected":false},"excerpt":{"rendered":"<p>Termini e Condizioni Generali Termini e condizioni (CGC) di FlowAlp SAGL Data di entrata in vigore: 23 gennaio 2026 Introduzione I presenti Termini e condizioni (\u201cTermini\u201d) regolano l&#8217;uso dei servizi forniti da FlowAlp SAGL (\u201cFlowAlp\u201d, \u201cnoi\u201d, \u201cci\u201d, \u201cnostro\u201d), inclusi, a &hellip; <a href=\"https:\/\/flowalp.com\/it\/termini-e-condizioni-generali\/\">Read More<\/a><\/p>\n","protected":false},"author":2,"featured_media":0,"parent":0,"menu_order":49,"comment_status":"closed","ping_status":"closed","template":"","meta":{"footnotes":""},"class_list":["post-1149","page","type-page","status-publish","hentry"],"_links":{"self":[{"href":"https:\/\/flowalp.com\/it\/wp-json\/wp\/v2\/pages\/1149","targetHints":{"allow":["GET"]}}],"collection":[{"href":"https:\/\/flowalp.com\/it\/wp-json\/wp\/v2\/pages"}],"about":[{"href":"https:\/\/flowalp.com\/it\/wp-json\/wp\/v2\/types\/page"}],"author":[{"embeddable":true,"href":"https:\/\/flowalp.com\/it\/wp-json\/wp\/v2\/users\/2"}],"replies":[{"embeddable":true,"href":"https:\/\/flowalp.com\/it\/wp-json\/wp\/v2\/comments?post=1149"}],"version-history":[{"count":1,"href":"https:\/\/flowalp.com\/it\/wp-json\/wp\/v2\/pages\/1149\/revisions"}],"predecessor-version":[{"id":1151,"href":"https:\/\/flowalp.com\/it\/wp-json\/wp\/v2\/pages\/1149\/revisions\/1151"}],"wp:attachment":[{"href":"https:\/\/flowalp.com\/it\/wp-json\/wp\/v2\/media?parent=1149"}],"curies":[{"name":"wp","href":"https:\/\/api.w.org\/{rel}","templated":true}]}}