{"id":1140,"date":"2026-03-03T09:15:35","date_gmt":"2026-03-03T09:15:35","guid":{"rendered":"https:\/\/flowalp.com\/conditions-generales-de-vente\/"},"modified":"2026-05-10T15:27:30","modified_gmt":"2026-05-10T15:27:30","slug":"conditions-generales-de-vente","status":"publish","type":"page","link":"https:\/\/flowalp.com\/fr\/conditions-generales-de-vente\/","title":{"rendered":"Conditions g\u00e9n\u00e9rales de vente"},"content":{"rendered":"\t\t<div data-elementor-type=\"wp-post\" data-elementor-id=\"1140\" class=\"elementor elementor-1140 elementor-757\">\n\t\t\t\t\t\t<section class=\"elementor-section elementor-top-section elementor-element elementor-element-zj6jjty elementor-section-height-min-height elementor-section-boxed elementor-section-height-default elementor-section-items-middle\" data-id=\"zj6jjty\" data-element_type=\"section\" data-settings=\"{&quot;background_background&quot;:&quot;classic&quot;}\">\n\t\t\t\t\t\t\t<div class=\"elementor-background-overlay\"><\/div>\n\t\t\t\t\t\t\t<div class=\"elementor-container elementor-column-gap-default\">\n\t\t\t\t\t<div class=\"elementor-column elementor-col-100 elementor-top-column elementor-element elementor-element-gpqnzgu\" data-id=\"gpqnzgu\" data-element_type=\"column\">\n\t\t\t<div class=\"elementor-widget-wrap elementor-element-populated\">\n\t\t\t\t\t\t<div class=\"elementor-element elementor-element-ze1ctz3 elementor-widget elementor-widget-spacer\" data-id=\"ze1ctz3\" data-element_type=\"widget\" data-widget_type=\"spacer.default\">\n\t\t\t\t<div class=\"elementor-widget-container\">\n\t\t\t\t\t\t\t<div class=\"elementor-spacer\">\n\t\t\t<div class=\"elementor-spacer-inner\"><\/div>\n\t\t<\/div>\n\t\t\t\t\t\t<\/div>\n\t\t\t\t<\/div>\n\t\t\t\t<div class=\"elementor-element elementor-element-qx4nrah elementor-view-default elementor-position-top elementor-invisible elementor-widget elementor-widget-themo-header\" data-id=\"qx4nrah\" data-element_type=\"widget\" data-settings=\"{&quot;_animation&quot;:&quot;fadeIn&quot;}\" data-widget_type=\"themo-header.default\">\n\t\t\t\t<div class=\"elementor-widget-container\">\n\t\t\t\t\t\t\t<div class=\"th-header-wrap\">\n        <div class=\"elementor-icon-box-wrapper \">\n                            <div class=\"elementor-icon-box-content\">\n                    <h1 class=\"elementor-icon-box-title\">\n                        Conditions g\u00e9n\u00e9rales de vente                    <\/h1>\n                                        <p class=\"elementor-icon-box-description\"><\/p>\n\n                                    <\/div>\n            <\/div>\n\n        <\/div>\n\n\t\t\t\t\t\t<\/div>\n\t\t\t\t<\/div>\n\t\t\t\t<div class=\"elementor-element elementor-element-omcpdho elementor-widget elementor-widget-spacer\" data-id=\"omcpdho\" data-element_type=\"widget\" data-widget_type=\"spacer.default\">\n\t\t\t\t<div class=\"elementor-widget-container\">\n\t\t\t\t\t\t\t<div class=\"elementor-spacer\">\n\t\t\t<div class=\"elementor-spacer-inner\"><\/div>\n\t\t<\/div>\n\t\t\t\t\t\t<\/div>\n\t\t\t\t<\/div>\n\t\t\t\t\t<\/div>\n\t\t<\/div>\n\t\t\t\t\t<\/div>\n\t\t<\/section>\n\t\t\t\t<section class=\"elementor-section elementor-top-section elementor-element elementor-element-ulvllrb elementor-section-boxed elementor-section-height-default elementor-section-height-default\" data-id=\"ulvllrb\" data-element_type=\"section\" data-settings=\"{&quot;background_background&quot;:&quot;classic&quot;}\">\n\t\t\t\t\t\t<div class=\"elementor-container elementor-column-gap-default\">\n\t\t\t\t\t<div class=\"elementor-column elementor-col-100 elementor-top-column elementor-element elementor-element-xfodklp\" data-id=\"xfodklp\" data-element_type=\"column\">\n\t\t\t<div class=\"elementor-widget-wrap elementor-element-populated\">\n\t\t\t\t\t\t<div class=\"elementor-element elementor-element-17535a2 elementor-widget elementor-widget-text-editor\" data-id=\"17535a2\" data-element_type=\"widget\" data-widget_type=\"text-editor.default\">\n\t\t\t\t<div class=\"elementor-widget-container\">\n\t\t\t\t\t\t\t\t\t<p data-start=\"214\" data-end=\"262\"><strong data-start=\"214\" data-end=\"260\">Conditions g\u00e9n\u00e9rales (CG) de FlowAlp SAGL<\/strong><\/p><p data-start=\"264\" data-end=\"301\"><strong data-start=\"264\" data-end=\"299\">Date d\u2019entr\u00e9e en vigueur : 23 janvier 2026<\/strong><\/p><ol data-start=\"303\" data-end=\"324\"><li data-start=\"303\" data-end=\"324\"><p data-start=\"306\" data-end=\"324\"><strong data-start=\"306\" data-end=\"322\">Introduction<\/strong><\/p><\/li><\/ol><p data-start=\"326\" data-end=\"636\">Les pr\u00e9sentes conditions g\u00e9n\u00e9rales (\u00ab Conditions \u00bb) r\u00e9gissent l\u2019utilisation des services fournis par FlowAlp SAGL (\u00ab FlowAlp \u00bb, \u00ab nous \u00bb, \u00ab notre \u00bb, \u00ab nos \u00bb), y compris, mais sans s\u2019y limiter, notre site web flowalp.com, nos outils de gestion d\u2019\u00e9v\u00e9nements, nos services de traitement des paiements, notre plateforme de planification et tout logiciel ou solution connexe (\u00ab Services \u00bb).<\/p><p data-start=\"638\" data-end=\"753\">En utilisant nos Services, vous acceptez les pr\u00e9sentes Conditions.<br data-start=\"686\" data-end=\"689\">Si vous ne les acceptez pas, vous devez cesser d\u2019utiliser nos Services.<\/p><ol start=\"2\" data-start=\"755\" data-end=\"796\"><li data-start=\"755\" data-end=\"796\"><p data-start=\"758\" data-end=\"796\"><strong data-start=\"758\" data-end=\"794\">Priorit\u00e9 des contrats individuels<\/strong><\/p><\/li><\/ol><p data-start=\"798\" data-end=\"973\">Si un contrat \u00e9crit existe entre FlowAlp et un client (par exemple, un organisateur d\u2019\u00e9v\u00e9nements, une entreprise ou une organisation), le contrat individuel pr\u00e9vaut sur les pr\u00e9sentes Conditions.<\/p><p data-start=\"975\" data-end=\"1083\">Les pr\u00e9sentes Conditions ne s\u2019appliquent que lorsque l\u2019accord individuel est muet ou ne fournit pas d\u2019instructions sp\u00e9cifiques.<\/p><ol start=\"3\" data-start=\"1085\" data-end=\"1124\"><li data-start=\"1085\" data-end=\"1124\"><p data-start=\"1088\" data-end=\"1124\"><strong data-start=\"1088\" data-end=\"1122\">Juridiction et droit applicable<\/strong><\/p><\/li><\/ol><p data-start=\"1126\" data-end=\"1314\">Tous les Services sont exclusivement r\u00e9gis par le droit suisse.<br data-start=\"1177\" data-end=\"1180\">Le for exclusif pour tous les litiges d\u00e9coulant de nos Services ou des pr\u00e9sentes Conditions, ou s\u2019y rapportant, est Biasca, Suisse.<\/p><p data-start=\"1316\" data-end=\"1368\">Aucune autre juridiction ou syst\u00e8me juridique ne s\u2019applique.<\/p><ol start=\"4\" data-start=\"1370\" data-end=\"1426\"><li data-start=\"1370\" data-end=\"1426\"><p data-start=\"1373\" data-end=\"1426\"><strong data-start=\"1373\" data-end=\"1424\">Nature des services \u2013 Obligation de moyens, aucune garantie<\/strong><\/p><\/li><\/ol><p data-start=\"1428\" data-end=\"1498\">Tous les Services fournis par FlowAlp sont propos\u00e9s sur la base d\u2019une obligation de moyens (\u00ab best-effort \u00bb).<\/p><p data-start=\"1500\" data-end=\"1510\">FlowAlp :<\/p><ul data-start=\"1512\" data-end=\"1785\"><li data-start=\"1512\" data-end=\"1545\"><p data-start=\"1514\" data-end=\"1545\">Ne fournit aucune garantie juridique,<\/p><\/li><li data-start=\"1546\" data-end=\"1611\"><p data-start=\"1548\" data-end=\"1611\">N\u2019offre aucune garantie de quelque nature que ce soit, expresse ou implicite,<\/p><\/li><li data-start=\"1612\" data-end=\"1703\"><p data-start=\"1614\" data-end=\"1703\">Ne garantit pas la disponibilit\u00e9, la fiabilit\u00e9, l\u2019exactitude ou le fonctionnement ininterrompu, et<\/p><\/li><li data-start=\"1704\" data-end=\"1785\"><p data-start=\"1706\" data-end=\"1785\">N\u2019est pas responsable des probl\u00e8mes techniques, des interruptions de service ou des d\u00e9faillances de syst\u00e8mes tiers.<\/p><\/li><\/ul><p data-start=\"1787\" data-end=\"1845\">Tous les Services sont fournis \u00ab en l\u2019\u00e9tat \u00bb sans aucune garantie.<\/p><ol start=\"5\" data-start=\"1847\" data-end=\"1907\"><li data-start=\"1847\" data-end=\"1907\"><p data-start=\"1850\" data-end=\"1907\"><strong data-start=\"1850\" data-end=\"1905\">Responsabilit\u00e9s des organisateurs d\u2019\u00e9v\u00e9nements et des entreprises<\/strong><\/p><\/li><\/ol><p data-start=\"1909\" data-end=\"2160\">FlowAlp fournit des outils pour la gestion d\u2019\u00e9v\u00e9nements, le traitement des paiements, l\u2019administration du personnel et les fonctionnalit\u00e9s connexes.<br data-start=\"2024\" data-end=\"2027\">FlowAlp n\u2019est l\u2019organisateur d\u2019aucun \u00e9v\u00e9nement et n\u2019est le fournisseur d\u2019aucun produit ou service final, sauf indication contraire explicite.<\/p><p data-start=\"2162\" data-end=\"2204\"><strong data-start=\"2162\" data-end=\"2202\">5.1 Responsabilit\u00e9s de l\u2019organisateur d\u2019\u00e9v\u00e9nements<\/strong><\/p><p data-start=\"2206\" data-end=\"2283\">Les organisateurs d\u2019\u00e9v\u00e9nements, les entreprises ou les institutions (\u00ab Organisateurs \u00bb) utilisant FlowAlp :<\/p><ul data-start=\"2285\" data-end=\"2789\"><li data-start=\"2285\" data-end=\"2349\"><p data-start=\"2287\" data-end=\"2349\">Sont enti\u00e8rement et exclusivement responsables des \u00e9v\u00e9nements qu\u2019ils exploitent<\/p><\/li><li data-start=\"2350\" data-end=\"2424\"><p data-start=\"2352\" data-end=\"2424\">Sont enti\u00e8rement responsables de l\u2019exactitude des informations qu\u2019ils fournissent<\/p><\/li><li data-start=\"2425\" data-end=\"2530\"><p data-start=\"2427\" data-end=\"2530\">Sont enti\u00e8rement responsables des produits, services, avantages et exp\u00e9riences qu\u2019ils d\u00e9livrent aux utilisateurs finaux<\/p><\/li><li data-start=\"2531\" data-end=\"2639\"><p data-start=\"2533\" data-end=\"2639\">Sont responsables de tous les co\u00fbts, dommages ou cons\u00e9quences juridiques d\u00e9coulant de leurs activit\u00e9s \u00e9v\u00e9nementielles ou commerciales<\/p><\/li><li data-start=\"2640\" data-end=\"2724\"><p data-start=\"2642\" data-end=\"2724\">Doivent g\u00e9rer l\u2019ensemble du service client, des r\u00e9clamations et des demandes de remboursement des utilisateurs finaux<\/p><\/li><li data-start=\"2725\" data-end=\"2789\"><p data-start=\"2727\" data-end=\"2789\">Doivent se conformer \u00e0 toutes les lois locales applicables \u00e0 leur activit\u00e9<\/p><\/li><\/ul><p data-start=\"2791\" data-end=\"2922\">FlowAlp ne fournit que l\u2019infrastructure technique et n\u2019assume aucune responsabilit\u00e9 quant \u00e0 la conduite ou aux obligations de l\u2019Organisateur.<\/p><p data-start=\"2924\" data-end=\"2980\"><strong data-start=\"2924\" data-end=\"2978\">5.2 Co\u00fbts suppl\u00e9mentaires, r\u00e9trocessions et p\u00e9nalit\u00e9s relatives aux appareils<\/strong><\/p><p data-start=\"2982\" data-end=\"3088\">Les Organisateurs sont responsables de tous les co\u00fbts encourus en raison de leurs activit\u00e9s, y compris, mais sans s\u2019y limiter :<\/p><ul data-start=\"3090\" data-end=\"3583\"><li data-start=\"3090\" data-end=\"3205\"><p data-start=\"3092\" data-end=\"3205\">R\u00e9trocessions (chargebacks) : tous les frais et co\u00fbts li\u00e9s aux r\u00e9trocessions sont de la seule responsabilit\u00e9 de l\u2019Organisateur ou du marchand<\/p><\/li><li data-start=\"3206\" data-end=\"3226\"><p data-start=\"3208\" data-end=\"3226\">Litiges relatifs aux paiements<\/p><\/li><li data-start=\"3227\" data-end=\"3270\"><p data-start=\"3229\" data-end=\"3270\">P\u00e9nalit\u00e9s appliqu\u00e9es par les processeurs de paiement<\/p><\/li><li data-start=\"3271\" data-end=\"3287\"><p data-start=\"3273\" data-end=\"3287\">Co\u00fbts de remboursement<\/p><\/li><li data-start=\"3288\" data-end=\"3311\"><p data-start=\"3290\" data-end=\"3311\">Frais administratifs<\/p><\/li><li data-start=\"3312\" data-end=\"3424\"><p data-start=\"3314\" data-end=\"3424\">Toute perte financi\u00e8re subie par FlowAlp en raison d\u2019actions ou d\u2019omissions de l\u2019Organisateur sera refactur\u00e9e \u00e0 ce dernier<\/p><\/li><li data-start=\"3425\" data-end=\"3583\"><p data-start=\"3427\" data-end=\"3583\">Tout appareil FlowAlp (par exemple, terminal de paiement) perdu, endommag\u00e9 ou non restitu\u00e9 \u00e0 la fin du contrat peut entra\u00eener <strong data-start=\"3543\" data-end=\"3581\">une p\u00e9nalit\u00e9 allant jusqu\u2019\u00e0 700 CHF par appareil<\/strong><\/p><\/li><\/ul><ol start=\"6\" data-start=\"3585\" data-end=\"3639\"><li data-start=\"3585\" data-end=\"3639\"><p data-start=\"3588\" data-end=\"3639\"><strong data-start=\"3588\" data-end=\"3637\">Traitement des paiements et entreprises tierces<\/strong><\/p><\/li><\/ol><p data-start=\"3641\" data-end=\"3729\">FlowAlp peut traiter des paiements pour le compte de tiers, y compris, mais sans s\u2019y limiter :<\/p><ul data-start=\"3731\" data-end=\"3850\"><li data-start=\"3731\" data-end=\"3751\"><p data-start=\"3733\" data-end=\"3751\">Organisateurs d\u2019\u00e9v\u00e9nements<\/p><\/li><li data-start=\"3752\" data-end=\"3767\"><p data-start=\"3754\" data-end=\"3767\">Restaurants<\/p><\/li><li data-start=\"3768\" data-end=\"3786\"><p data-start=\"3770\" data-end=\"3786\">Fournisseurs de produits alimentaires<\/p><\/li><li data-start=\"3787\" data-end=\"3807\"><p data-start=\"3789\" data-end=\"3807\">Entreprises locales<\/p><\/li><li data-start=\"3808\" data-end=\"3830\"><p data-start=\"3810\" data-end=\"3830\">Prestataires d\u2019activit\u00e9s<\/p><\/li><li data-start=\"3831\" data-end=\"3850\"><p data-start=\"3833\" data-end=\"3850\">Vendeurs de services<\/p><\/li><\/ul><p data-start=\"3852\" data-end=\"3944\">FlowAlp agit uniquement en tant qu\u2019interm\u00e9diaire technique ou agent d\u2019encaissement, selon la configuration.<\/p><p data-start=\"3946\" data-end=\"4000\"><strong data-start=\"3946\" data-end=\"3998\">6.1 Responsabilit\u00e9 des produits et services finaux<\/strong><\/p><p data-start=\"4002\" data-end=\"4092\">Lorsque FlowAlp traite des paiements pour une entreprise (par exemple, un restaurant ou un prestataire de services) :<\/p><p data-start=\"4094\" data-end=\"4226\">FlowAlp ne fournit pas, ne garantit pas et n\u2019assume aucune responsabilit\u00e9 pour les produits, services, repas, r\u00e9servations ou exp\u00e9riences r\u00e9els.<\/p><p data-start=\"4228\" data-end=\"4286\">L\u2019entreprise elle-m\u00eame est enti\u00e8rement et exclusivement responsable de :<\/p><ul data-start=\"4288\" data-end=\"4456\"><li data-start=\"4288\" data-end=\"4329\"><p data-start=\"4290\" data-end=\"4329\">La qualit\u00e9 du service ou du produit<\/p><\/li><li data-start=\"4330\" data-end=\"4363\"><p data-start=\"4332\" data-end=\"4363\">La livraison de ce qui a \u00e9t\u00e9 achet\u00e9<\/p><\/li><li data-start=\"4364\" data-end=\"4417\"><p data-start=\"4366\" data-end=\"4417\">La gestion des r\u00e9clamations, des demandes de remboursement ou des litiges<\/p><\/li><li data-start=\"4418\" data-end=\"4456\"><p data-start=\"4420\" data-end=\"4456\">Toute conformit\u00e9 l\u00e9gale ou r\u00e9glementaire<\/p><\/li><\/ul><p data-start=\"4458\" data-end=\"4487\"><strong data-start=\"4458\" data-end=\"4485\">6.2 R\u00e9clamations des utilisateurs finaux<\/strong><\/p><p data-start=\"4489\" data-end=\"4626\">Les utilisateurs finaux doivent adresser toutes les r\u00e9clamations, demandes, litiges et questions de remboursement directement \u00e0 l\u2019entreprise ou \u00e0 l\u2019organisateur d\u2019\u00e9v\u00e9nements responsable.<\/p><p data-start=\"4628\" data-end=\"4674\">FlowAlp ne sert pas de m\u00e9diateur pour les litiges concernant :<\/p><ul data-start=\"4676\" data-end=\"4794\"><li data-start=\"4676\" data-end=\"4707\"><p data-start=\"4678\" data-end=\"4707\">La nourriture, les produits ou les services<\/p><\/li><li data-start=\"4708\" data-end=\"4729\"><p data-start=\"4710\" data-end=\"4729\">Les exp\u00e9riences li\u00e9es aux \u00e9v\u00e9nements<\/p><\/li><li data-start=\"4730\" data-end=\"4752\"><p data-start=\"4732\" data-end=\"4752\">Les probl\u00e8mes de r\u00e9servation<\/p><\/li><li data-start=\"4753\" data-end=\"4772\"><p data-start=\"4755\" data-end=\"4772\">La qualit\u00e9 du service<\/p><\/li><li data-start=\"4773\" data-end=\"4794\"><p data-start=\"4775\" data-end=\"4794\">Les \u00e9checs de livraison<\/p><\/li><\/ul><p data-start=\"4796\" data-end=\"4911\">FlowAlp peut transmettre les probl\u00e8mes des utilisateurs finaux \u00e0 l\u2019Organisateur ou \u00e0 l\u2019entreprise concern\u00e9e sans assumer aucune responsabilit\u00e9.<\/p><ol start=\"7\" data-start=\"4913\" data-end=\"4929\"><li data-start=\"4913\" data-end=\"4929\"><p data-start=\"4916\" data-end=\"4929\"><strong data-start=\"4916\" data-end=\"4927\">Remboursements<\/strong><\/p><\/li><\/ol><p data-start=\"4931\" data-end=\"5026\">FlowAlp n\u2019effectue pas de remboursements pour les produits ou services fournis par les Organisateurs ou les entreprises.<\/p><p data-start=\"5028\" data-end=\"5076\">Les demandes de remboursement doivent \u00eatre adress\u00e9es directement \u00e0 :<\/p><ul data-start=\"5078\" data-end=\"5160\"><li data-start=\"5078\" data-end=\"5105\"><p data-start=\"5080\" data-end=\"5105\">L\u2019organisateur de l\u2019\u00e9v\u00e9nement, ou<\/p><\/li><li data-start=\"5106\" data-end=\"5160\"><p data-start=\"5108\" data-end=\"5160\">L\u2019entreprise fournissant le produit ou le service final.<\/p><\/li><\/ul><p data-start=\"5162\" data-end=\"5195\">FlowAlp n\u2019est pas responsable de :<\/p><ul data-start=\"5197\" data-end=\"5335\"><li data-start=\"5197\" data-end=\"5217\"><p data-start=\"5199\" data-end=\"5217\">La d\u00e9cision de remboursement<\/p><\/li><li data-start=\"5218\" data-end=\"5239\"><p data-start=\"5220\" data-end=\"5239\">Le traitement du remboursement<\/p><\/li><li data-start=\"5240\" data-end=\"5281\"><p data-start=\"5242\" data-end=\"5281\">Le retard, le refus ou la gestion des remboursements<\/p><\/li><li data-start=\"5282\" data-end=\"5335\"><p data-start=\"5284\" data-end=\"5335\">Les pertes d\u00e9coulant des actions de l\u2019Organisateur ou de l\u2019entreprise<\/p><\/li><\/ul><ol start=\"8\" data-start=\"5337\" data-end=\"5369\"><li data-start=\"5337\" data-end=\"5369\"><p data-start=\"5340\" data-end=\"5369\"><strong data-start=\"5340\" data-end=\"5367\">Limitation de responsabilit\u00e9<\/strong><\/p><\/li><\/ol><p data-start=\"5371\" data-end=\"5421\">Dans toute la mesure permise par le droit suisse :<\/p><ul data-start=\"5423\" data-end=\"5987\"><li data-start=\"5423\" data-end=\"5518\"><p data-start=\"5425\" data-end=\"5518\">FlowAlp n\u2019est pas responsable des dommages indirects, accessoires, punitifs, sp\u00e9ciaux ou cons\u00e9cutifs<\/p><\/li><li data-start=\"5519\" data-end=\"5578\"><p data-start=\"5521\" data-end=\"5578\">FlowAlp n\u2019est pas responsable des actions de l\u2019Organisateur ou de l\u2019entreprise<\/p><\/li><li data-start=\"5579\" data-end=\"5668\"><p data-start=\"5581\" data-end=\"5668\">FlowAlp n\u2019est pas responsable des interruptions de syst\u00e8me, des pertes de donn\u00e9es ou des d\u00e9faillances de services tiers<\/p><\/li><li data-start=\"5669\" data-end=\"5758\"><p data-start=\"5671\" data-end=\"5758\">FlowAlp n\u2019est pas responsable de l\u2019exactitude des donn\u00e9es saisies par les utilisateurs ou les organisateurs<\/p><\/li><li data-start=\"5759\" data-end=\"5835\"><p data-start=\"5761\" data-end=\"5835\">FlowAlp n\u2019est pas responsable des produits finaux, des services ou des r\u00e9sultats des \u00e9v\u00e9nements<\/p><\/li><li data-start=\"5836\" data-end=\"5987\"><p data-start=\"5838\" data-end=\"5987\">La responsabilit\u00e9 totale de FlowAlp pour toute r\u00e9clamation est limit\u00e9e au montant pay\u00e9 par le client pour le Service sp\u00e9cifique au cours des 30 jours pr\u00e9c\u00e9dant l\u2019incident<\/p><\/li><\/ul><ol start=\"9\" data-start=\"5989\" data-end=\"6035\"><li data-start=\"5989\" data-end=\"6035\"><p data-start=\"5992\" data-end=\"6035\"><strong data-start=\"5992\" data-end=\"6033\">Suspension ou r\u00e9siliation des services<\/strong><\/p><\/li><\/ol><p data-start=\"6037\" data-end=\"6144\">FlowAlp peut suspendre ou r\u00e9silier l\u2019acc\u00e8s aux Services \u00e0 tout moment pour des raisons incluant, mais sans s\u2019y limiter :<\/p><ul data-start=\"6146\" data-end=\"6288\"><li data-start=\"6146\" data-end=\"6155\"><p data-start=\"6148\" data-end=\"6155\">La fraude<\/p><\/li><li data-start=\"6156\" data-end=\"6165\"><p data-start=\"6158\" data-end=\"6165\">L\u2019abus<\/p><\/li><li data-start=\"6166\" data-end=\"6192\"><p data-start=\"6168\" data-end=\"6192\">L\u2019utilisation abusive de la plateforme<\/p><\/li><li data-start=\"6193\" data-end=\"6213\"><p data-start=\"6195\" data-end=\"6213\">Les violations de la loi<\/p><\/li><li data-start=\"6214\" data-end=\"6229\"><p data-start=\"6216\" data-end=\"6229\">Le non-paiement<\/p><\/li><li data-start=\"6230\" data-end=\"6262\"><p data-start=\"6232\" data-end=\"6262\">Des probl\u00e8mes techniques ou de s\u00e9curit\u00e9<\/p><\/li><li data-start=\"6263\" data-end=\"6288\"><p data-start=\"6265\" data-end=\"6288\">La violation des pr\u00e9sentes Conditions<\/p><\/li><\/ul><ol start=\"10\" data-start=\"6290\" data-end=\"6322\"><li data-start=\"6290\" data-end=\"6322\"><p data-start=\"6294\" data-end=\"6322\"><strong data-start=\"6294\" data-end=\"6320\">Modifications des pr\u00e9sentes Conditions<\/strong><\/p><\/li><\/ol><p data-start=\"6324\" data-end=\"6536\">FlowAlp peut mettre \u00e0 jour ou modifier les pr\u00e9sentes Conditions \u00e0 tout moment. Les Conditions mises \u00e0 jour seront publi\u00e9es sur le site web avec une date d\u2019entr\u00e9e en vigueur r\u00e9vis\u00e9e. L\u2019utilisation continue des Services constitue l\u2019acceptation des Conditions mises \u00e0 jour.  <\/p>\t\t\t\t\t\t\t\t<\/div>\n\t\t\t\t<\/div>\n\t\t\t\t\t<\/div>\n\t\t<\/div>\n\t\t\t\t\t<\/div>\n\t\t<\/section>\n\t\t\t\t<\/div>\n\t\t","protected":false},"excerpt":{"rendered":"<p>Conditions g\u00e9n\u00e9rales de vente Conditions g\u00e9n\u00e9rales (CG) de FlowAlp SAGL Date d\u2019entr\u00e9e en vigueur : 23 janvier 2026 Introduction Les pr\u00e9sentes conditions g\u00e9n\u00e9rales (\u00ab Conditions \u00bb) r\u00e9gissent l\u2019utilisation des services fournis par FlowAlp SAGL (\u00ab FlowAlp \u00bb, \u00ab nous \u00bb, &hellip; <a href=\"https:\/\/flowalp.com\/fr\/conditions-generales-de-vente\/\">Read More<\/a><\/p>\n","protected":false},"author":2,"featured_media":0,"parent":0,"menu_order":49,"comment_status":"closed","ping_status":"closed","template":"","meta":{"footnotes":""},"class_list":["post-1140","page","type-page","status-publish","hentry"],"_links":{"self":[{"href":"https:\/\/flowalp.com\/fr\/wp-json\/wp\/v2\/pages\/1140","targetHints":{"allow":["GET"]}}],"collection":[{"href":"https:\/\/flowalp.com\/fr\/wp-json\/wp\/v2\/pages"}],"about":[{"href":"https:\/\/flowalp.com\/fr\/wp-json\/wp\/v2\/types\/page"}],"author":[{"embeddable":true,"href":"https:\/\/flowalp.com\/fr\/wp-json\/wp\/v2\/users\/2"}],"replies":[{"embeddable":true,"href":"https:\/\/flowalp.com\/fr\/wp-json\/wp\/v2\/comments?post=1140"}],"version-history":[{"count":1,"href":"https:\/\/flowalp.com\/fr\/wp-json\/wp\/v2\/pages\/1140\/revisions"}],"predecessor-version":[{"id":1142,"href":"https:\/\/flowalp.com\/fr\/wp-json\/wp\/v2\/pages\/1140\/revisions\/1142"}],"wp:attachment":[{"href":"https:\/\/flowalp.com\/fr\/wp-json\/wp\/v2\/media?parent=1140"}],"curies":[{"name":"wp","href":"https:\/\/api.w.org\/{rel}","templated":true}]}}