{"id":1111,"date":"2026-03-06T13:38:14","date_gmt":"2026-03-06T13:38:14","guid":{"rendered":"https:\/\/flowalp.com\/flowalp-pay-en-ligne\/"},"modified":"2026-05-10T15:26:43","modified_gmt":"2026-05-10T15:26:43","slug":"flowalp-pay-en-ligne","status":"publish","type":"page","link":"https:\/\/flowalp.com\/fr\/flowalp-pay-en-ligne\/","title":{"rendered":"FlowAlp PAY &#8211; En ligne"},"content":{"rendered":"\t\t<div data-elementor-type=\"wp-post\" data-elementor-id=\"1111\" class=\"elementor elementor-1111 elementor-988\">\n\t\t\t\t\t\t<section class=\"elementor-section elementor-top-section elementor-element elementor-element-zj6jjty elementor-section-boxed elementor-section-height-default elementor-section-height-default\" data-id=\"zj6jjty\" data-element_type=\"section\" data-settings=\"{&quot;background_background&quot;:&quot;classic&quot;}\">\n\t\t\t\t\t\t\t<div class=\"elementor-background-overlay\"><\/div>\n\t\t\t\t\t\t\t<div class=\"elementor-container elementor-column-gap-default\">\n\t\t\t\t\t<div class=\"elementor-column elementor-col-100 elementor-top-column elementor-element elementor-element-gpqnzgu\" data-id=\"gpqnzgu\" data-element_type=\"column\">\n\t\t\t<div class=\"elementor-widget-wrap elementor-element-populated\">\n\t\t\t\t\t\t<div class=\"elementor-element elementor-element-ze1ctz3 elementor-widget elementor-widget-spacer\" data-id=\"ze1ctz3\" data-element_type=\"widget\" data-widget_type=\"spacer.default\">\n\t\t\t\t<div class=\"elementor-widget-container\">\n\t\t\t\t\t\t\t<div class=\"elementor-spacer\">\n\t\t\t<div class=\"elementor-spacer-inner\"><\/div>\n\t\t<\/div>\n\t\t\t\t\t\t<\/div>\n\t\t\t\t<\/div>\n\t\t\t\t<div class=\"elementor-element elementor-element-qx4nrah elementor-view-default elementor-position-top elementor-invisible elementor-widget elementor-widget-themo-header\" data-id=\"qx4nrah\" data-element_type=\"widget\" data-settings=\"{&quot;_animation&quot;:&quot;fadeIn&quot;}\" data-widget_type=\"themo-header.default\">\n\t\t\t\t<div class=\"elementor-widget-container\">\n\t\t\t\t\t\t\t<div class=\"th-header-wrap\">\n        <div class=\"elementor-icon-box-wrapper \">\n                            <div class=\"elementor-icon-box-content\">\n                    <h1 class=\"elementor-icon-box-title\">\n                        Paiements en ligne adapt\u00e9s \u00e0 tous les flux de travail                    <\/h1>\n                                        <p class=\"elementor-icon-box-description\">Des liens de paiement aux plugins de boutique pr\u00eats \u00e0 l'emploi, FlowAlp Pay vous aide \u00e0 commencer \u00e0 accepter les paiements en ligne rapidement \u2014 avec des options flexibles pour chaque cas d'usage.<\/p>\n\n                                            <div class=\"th-btn-wrap\">\n                                                            <a class=\"btn-1 btn th-btn btn-ghost-light\" href=\"\/contact\/\">\n                                                                            Nous contacter                                                                    <\/a>\n                            \n                                                    <\/div>\n                                    <\/div>\n            <\/div>\n\n        <\/div>\n\n\t\t\t\t\t\t<\/div>\n\t\t\t\t<\/div>\n\t\t\t\t<div class=\"elementor-element elementor-element-omcpdho elementor-widget elementor-widget-spacer\" data-id=\"omcpdho\" data-element_type=\"widget\" data-widget_type=\"spacer.default\">\n\t\t\t\t<div class=\"elementor-widget-container\">\n\t\t\t\t\t\t\t<div class=\"elementor-spacer\">\n\t\t\t<div class=\"elementor-spacer-inner\"><\/div>\n\t\t<\/div>\n\t\t\t\t\t\t<\/div>\n\t\t\t\t<\/div>\n\t\t\t\t\t<\/div>\n\t\t<\/div>\n\t\t\t\t\t<\/div>\n\t\t<\/section>\n\t\t\t\t<section class=\"elementor-section elementor-top-section elementor-element elementor-element-ulvllrb elementor-reverse-mobile elementor-section-boxed elementor-section-height-default elementor-section-height-default\" data-id=\"ulvllrb\" data-element_type=\"section\" data-settings=\"{&quot;background_background&quot;:&quot;classic&quot;}\">\n\t\t\t\t\t\t<div class=\"elementor-container elementor-column-gap-default\">\n\t\t\t\t\t<div class=\"elementor-column elementor-col-50 elementor-top-column elementor-element elementor-element-cgmzlcs\" data-id=\"cgmzlcs\" data-element_type=\"column\">\n\t\t\t<div class=\"elementor-widget-wrap elementor-element-populated\">\n\t\t\t\t\t\t<div class=\"elementor-element elementor-element-2249bb8 elementor-widget elementor-widget-image\" data-id=\"2249bb8\" data-element_type=\"widget\" data-widget_type=\"image.default\">\n\t\t\t\t<div class=\"elementor-widget-container\">\n\t\t\t\t\t\t\t\t\t\t\t\t\t\t\t<img data-rjs=\"2\" fetchpriority=\"high\" decoding=\"async\" width=\"683\" height=\"1024\" src=\"https:\/\/flowalp.com\/wp-content\/uploads\/2026\/03\/phone-683x1024.png\" class=\"attachment-large size-large wp-image-1112\" alt=\"\" srcset=\"https:\/\/flowalp.com\/wp-content\/uploads\/2026\/03\/phone-683x1024.png 683w, https:\/\/flowalp.com\/wp-content\/uploads\/2026\/03\/phone-200x300.png 200w, https:\/\/flowalp.com\/wp-content\/uploads\/2026\/03\/phone-768x1152.png 768w, https:\/\/flowalp.com\/wp-content\/uploads\/2026\/03\/phone-67x100.png 67w, https:\/\/flowalp.com\/wp-content\/uploads\/2026\/03\/phone-53x80.png 53w, https:\/\/flowalp.com\/wp-content\/uploads\/2026\/03\/phone-202x303.png 202w, https:\/\/flowalp.com\/wp-content\/uploads\/2026\/03\/phone-467x700.png 467w, https:\/\/flowalp.com\/wp-content\/uploads\/2026\/03\/phone-633x950.png 633w, https:\/\/flowalp.com\/wp-content\/uploads\/2026\/03\/phone-720x1080.png 720w, https:\/\/flowalp.com\/wp-content\/uploads\/2026\/03\/phone.png 1024w\" sizes=\"(max-width: 683px) 100vw, 683px\" \/>\t\t\t\t\t\t\t\t\t\t\t\t\t\t\t<\/div>\n\t\t\t\t<\/div>\n\t\t\t\t\t<\/div>\n\t\t<\/div>\n\t\t\t\t<div class=\"elementor-column elementor-col-50 elementor-top-column elementor-element elementor-element-xfodklp\" data-id=\"xfodklp\" data-element_type=\"column\">\n\t\t\t<div class=\"elementor-widget-wrap elementor-element-populated\">\n\t\t\t\t\t\t<div class=\"elementor-element elementor-element-tfnvett elementor-view-default elementor-position-top elementor-invisible elementor-widget elementor-widget-themo-header\" data-id=\"tfnvett\" data-element_type=\"widget\" data-settings=\"{&quot;_animation&quot;:&quot;fadeInLeft&quot;}\" data-widget_type=\"themo-header.default\">\n\t\t\t\t<div class=\"elementor-widget-container\">\n\t\t\t\t\t\t\t<div class=\"th-header-wrap\">\n        <div class=\"elementor-icon-box-wrapper \">\n                            <div class=\"elementor-icon-box-content\">\n                    <h3 class=\"elementor-icon-box-title\">\n                        Liens de paiement                    <\/h3>\n                                        <p class=\"elementor-icon-box-description\">Cr\u00e9ez un lien de paiement en quelques secondes et envoyez-le par e-mail, SMS, WhatsApp ou r\u00e9seaux sociaux. Parfait pour les factures, les acomptes, les paiements uniques et les paiements r\u00e9currents \u2014 sans avoir \u00e0 cr\u00e9er de boutique en ligne.\n\n\u2014 Paiements uniques\n\n\u2014 Pr\u00e9-autorisation (r\u00e9server un montant, d\u00e9biter ult\u00e9rieurement)\n\n\u2014 Tokenisation (d\u00e9biter plusieurs fois selon les besoins)\n\n\u2014 Paiements r\u00e9currents<\/p>\n\n                                            <div class=\"th-btn-wrap\">\n                                                            <a class=\"btn-1 btn th-btn btn-standard-primary\" href=\"#\">\n                                                                            Voir la d\u00e9mo                                                                    <\/a>\n                            \n                                                    <\/div>\n                                    <\/div>\n            <\/div>\n\n        <\/div>\n\n\t\t\t\t\t\t<\/div>\n\t\t\t\t<\/div>\n\t\t\t\t\t<\/div>\n\t\t<\/div>\n\t\t\t\t\t<\/div>\n\t\t<\/section>\n\t\t\t\t<section class=\"elementor-section elementor-top-section elementor-element elementor-element-yiqzzue elementor-section-boxed elementor-section-height-default elementor-section-height-default\" data-id=\"yiqzzue\" data-element_type=\"section\" data-settings=\"{&quot;background_background&quot;:&quot;gradient&quot;}\">\n\t\t\t\t\t\t<div class=\"elementor-container elementor-column-gap-default\">\n\t\t\t\t\t<div class=\"elementor-column elementor-col-50 elementor-top-column elementor-element elementor-element-umeaqou\" data-id=\"umeaqou\" data-element_type=\"column\">\n\t\t\t<div class=\"elementor-widget-wrap elementor-element-populated\">\n\t\t\t\t\t\t<div class=\"elementor-element elementor-element-nnmqyrj elementor-view-default elementor-position-top elementor-invisible elementor-widget elementor-widget-themo-header\" data-id=\"nnmqyrj\" data-element_type=\"widget\" data-settings=\"{&quot;_animation&quot;:&quot;fadeInRight&quot;}\" data-widget_type=\"themo-header.default\">\n\t\t\t\t<div class=\"elementor-widget-container\">\n\t\t\t\t\t\t\t<div class=\"th-header-wrap\">\n        <div class=\"elementor-icon-box-wrapper \">\n                            <div class=\"elementor-icon-box-content\">\n                    <h3 class=\"elementor-icon-box-title\">\n                        Plugins de boutique                    <\/h3>\n                                        <p class=\"elementor-icon-box-description\">Connectez FlowAlp Pay aux syst\u00e8mes de boutique et solutions CMS populaires pour commencer \u00e0 accepter les paiements rapidement \u2014 avec un processus de paiement fluide et une vue d'ensemble centralis\u00e9e des transactions.\n\n\u2014 WooCommerce\n\n\u2014 Shopify\n\n\u2014 Shopware 5 &amp; 6\n\n\u2014 PrestaShop\n\n\u2014 Magento\n\n\u2014 Et plus encore<\/p>\n\n                                            <div class=\"th-btn-wrap\">\n                                                            <a class=\"btn-1 btn th-btn btn-ghost-light\" href=\"#\">\n                                                                            D\u00e9couvrir les plugins                                                                    <\/a>\n                            \n                                                    <\/div>\n                                    <\/div>\n            <\/div>\n\n        <\/div>\n\n\t\t\t\t\t\t<\/div>\n\t\t\t\t<\/div>\n\t\t\t\t\t<\/div>\n\t\t<\/div>\n\t\t\t\t<div class=\"elementor-column elementor-col-50 elementor-top-column elementor-element elementor-element-bpleiet\" data-id=\"bpleiet\" data-element_type=\"column\">\n\t\t\t<div class=\"elementor-widget-wrap elementor-element-populated\">\n\t\t\t\t\t\t<div class=\"elementor-element elementor-element-mzpkjou elementor-widget elementor-widget-image\" data-id=\"mzpkjou\" data-element_type=\"widget\" data-widget_type=\"image.default\">\n\t\t\t\t<div class=\"elementor-widget-container\">\n\t\t\t\t\t\t\t\t\t\t\t\t\t\t\t<img data-rjs=\"2\" decoding=\"async\" src=\"https:\/\/flowalp.com\/wp-content\/uploads\/2026\/03\/phone.png\" title=\"\" alt=\"\" loading=\"lazy\" \/>\t\t\t\t\t\t\t\t\t\t\t\t\t\t\t<\/div>\n\t\t\t\t<\/div>\n\t\t\t\t\t<\/div>\n\t\t<\/div>\n\t\t\t\t\t<\/div>\n\t\t<\/section>\n\t\t\t\t<section class=\"elementor-section elementor-top-section elementor-element elementor-element-aislwln elementor-reverse-mobile elementor-section-boxed elementor-section-height-default elementor-section-height-default\" data-id=\"aislwln\" data-element_type=\"section\" data-settings=\"{&quot;background_background&quot;:&quot;classic&quot;}\">\n\t\t\t\t\t\t<div class=\"elementor-container elementor-column-gap-default\">\n\t\t\t\t\t<div class=\"elementor-column elementor-col-50 elementor-top-column elementor-element elementor-element-yuwsscm\" data-id=\"yuwsscm\" data-element_type=\"column\">\n\t\t\t<div class=\"elementor-widget-wrap elementor-element-populated\">\n\t\t\t\t\t\t<div class=\"elementor-element elementor-element-xifpfhi elementor-widget elementor-widget-image\" data-id=\"xifpfhi\" data-element_type=\"widget\" data-widget_type=\"image.default\">\n\t\t\t\t<div class=\"elementor-widget-container\">\n\t\t\t\t\t\t\t\t\t\t\t\t\t\t\t<img data-rjs=\"2\" decoding=\"async\" width=\"407\" height=\"563\" src=\"https:\/\/flowalp.com\/wp-content\/uploads\/2019\/04\/App1-iphone3.jpg\" class=\"attachment-th_img_md_portrait size-th_img_md_portrait wp-image-1113\" alt=\"\" srcset=\"https:\/\/flowalp.com\/wp-content\/uploads\/2019\/04\/App1-iphone3.jpg 407w, https:\/\/flowalp.com\/wp-content\/uploads\/2019\/04\/App1-iphone3-217x300.jpg 217w, https:\/\/flowalp.com\/wp-content\/uploads\/2019\/04\/App1-iphone3-72x100.jpg 72w, https:\/\/flowalp.com\/wp-content\/uploads\/2019\/04\/App1-iphone3-58x80.jpg 58w, https:\/\/flowalp.com\/wp-content\/uploads\/2019\/04\/App1-iphone3-219x303.jpg 219w\" sizes=\"(max-width: 407px) 100vw, 407px\" \/>\t\t\t\t\t\t\t\t\t\t\t\t\t\t\t<\/div>\n\t\t\t\t<\/div>\n\t\t\t\t\t<\/div>\n\t\t<\/div>\n\t\t\t\t<div class=\"elementor-column elementor-col-50 elementor-top-column elementor-element elementor-element-qkvyend\" data-id=\"qkvyend\" data-element_type=\"column\">\n\t\t\t<div class=\"elementor-widget-wrap elementor-element-populated\">\n\t\t\t\t\t\t<div class=\"elementor-element elementor-element-vzpnrof elementor-view-default elementor-position-top elementor-invisible elementor-widget elementor-widget-themo-header\" data-id=\"vzpnrof\" data-element_type=\"widget\" data-settings=\"{&quot;_animation&quot;:&quot;fadeInLeft&quot;}\" data-widget_type=\"themo-header.default\">\n\t\t\t\t<div class=\"elementor-widget-container\">\n\t\t\t\t\t\t\t<div class=\"th-header-wrap\">\n        <div class=\"elementor-icon-box-wrapper \">\n                            <div class=\"elementor-icon-box-content\">\n                    <h3 class=\"elementor-icon-box-title\">\n                        Int\u00e9gration API                    <\/h3>\n                                        <p class=\"elementor-icon-box-description\">Int\u00e9grez les paiements directement dans votre produit gr\u00e2ce \u00e0 notre API de type passerelle. Cr\u00e9ez des sessions de paiement, suivez le statut via webhooks et int\u00e9grez les paiements en ligne dans votre propre flux de paiement (redirection ou modal).\n\n\u2014 Int\u00e9grations pour outils m\u00e9tier et flux de travail\n\n\u2014 Automatisations via Make &amp; Zapier\n\n\u2014 Mises \u00e0 jour du statut de paiement et d\u00e9clencheurs de processus (par exemple, apr\u00e8s paiement)<\/p>\n\n                                            <div class=\"th-btn-wrap\">\n                                                            <a class=\"btn-1 btn th-btn btn-standard-primary\" href=\"\/contact\/\">\n                                                                            Parler \u00e0 un ing\u00e9nieur                                                                    <\/a>\n                            \n                                                    <\/div>\n                                    <\/div>\n            <\/div>\n\n        <\/div>\n\n\t\t\t\t\t\t<\/div>\n\t\t\t\t<\/div>\n\t\t\t\t\t<\/div>\n\t\t<\/div>\n\t\t\t\t\t<\/div>\n\t\t<\/section>\n\t\t\t\t<section class=\"elementor-section elementor-top-section elementor-element elementor-element-wdb3t36 elementor-section-boxed elementor-section-height-default elementor-section-height-default\" data-id=\"wdb3t36\" data-element_type=\"section\" data-settings=\"{&quot;background_background&quot;:&quot;classic&quot;}\">\n\t\t\t\t\t\t<div class=\"elementor-container elementor-column-gap-default\">\n\t\t\t\t\t<div class=\"elementor-column elementor-col-100 elementor-top-column elementor-element elementor-element-i6n74r6\" data-id=\"i6n74r6\" data-element_type=\"column\">\n\t\t\t<div class=\"elementor-widget-wrap elementor-element-populated\">\n\t\t\t\t\t\t<div class=\"elementor-element elementor-element-vlobv62 elementor-widget elementor-widget-spacer\" data-id=\"vlobv62\" data-element_type=\"widget\" data-widget_type=\"spacer.default\">\n\t\t\t\t<div class=\"elementor-widget-container\">\n\t\t\t\t\t\t\t<div class=\"elementor-spacer\">\n\t\t\t<div class=\"elementor-spacer-inner\"><\/div>\n\t\t<\/div>\n\t\t\t\t\t\t<\/div>\n\t\t\t\t<\/div>\n\t\t\t\t<div class=\"elementor-element elementor-element-cbjgqye elementor-view-default elementor-position-top elementor-widget elementor-widget-themo-header\" data-id=\"cbjgqye\" data-element_type=\"widget\" data-widget_type=\"themo-header.default\">\n\t\t\t\t<div class=\"elementor-widget-container\">\n\t\t\t\t\t\t\t<div class=\"th-header-wrap\">\n        <div class=\"elementor-icon-box-wrapper \">\n                            <div class=\"elementor-icon-box-content\">\n                    <h3 class=\"elementor-icon-box-title\">\n                        Choisissez le chemin le plus rapide vers les paiements en ligne                    <\/h3>\n                                        <p class=\"elementor-icon-box-description\">Que vous ayez besoin d'un simple lien de paiement, d'une int\u00e9gration de boutique en ligne pr\u00eate \u00e0 l'emploi ou de flux de travail automatis\u00e9s, FlowAlp Pay vous permet de commencer modestement et d'\u00e9tendre votre configuration au fur et \u00e0 mesure de votre croissance \u2014 sans changer l'ensemble de votre syst\u00e8me.\n\n\nChoisissez votre configuration \u2014 Liens de paiement, plugin de boutique ou int\u00e9grations.\n\nPassez en production \u2014 commencez \u00e0 accepter les paiements en ligne imm\u00e9diatement.\n\n\u00c9voluez &amp; automatisez \u2014 connectez des outils et rationalisez les op\u00e9rations \u00e0 mesure que le volume augmente.<\/p>\n\n                                            <div class=\"th-btn-wrap\">\n                                                            <a class=\"btn-1 btn th-btn btn-standard-primary\" href=\"\/contact\/\">\n                                                                            Nous contacter                                                                    <\/a>\n                            \n                                                    <\/div>\n                                    <\/div>\n            <\/div>\n\n        <\/div>\n\n\t\t\t\t\t\t<\/div>\n\t\t\t\t<\/div>\n\t\t\t\t<div class=\"elementor-element elementor-element-9cca7ba elementor-widget elementor-widget-spacer\" data-id=\"9cca7ba\" data-element_type=\"widget\" data-widget_type=\"spacer.default\">\n\t\t\t\t<div class=\"elementor-widget-container\">\n\t\t\t\t\t\t\t<div class=\"elementor-spacer\">\n\t\t\t<div class=\"elementor-spacer-inner\"><\/div>\n\t\t<\/div>\n\t\t\t\t\t\t<\/div>\n\t\t\t\t<\/div>\n\t\t\t\t<div class=\"elementor-element elementor-element-ls4bhc6 elementor-invisible elementor-widget elementor-widget-image\" data-id=\"ls4bhc6\" data-element_type=\"widget\" data-settings=\"{&quot;_animation&quot;:&quot;fadeIn&quot;}\" data-widget_type=\"image.default\">\n\t\t\t\t<div class=\"elementor-widget-container\">\n\t\t\t\t\t\t\t\t\t\t\t\t\t\t\t<img data-rjs=\"2\" decoding=\"async\" width=\"300\" height=\"300\" src=\"https:\/\/flowalp.com\/wp-content\/uploads\/2026\/02\/cropped-cropped-logo-trasparente-300x300.png\" class=\"attachment-medium size-medium wp-image-1114\" alt=\"\" srcset=\"https:\/\/flowalp.com\/wp-content\/uploads\/2026\/02\/cropped-cropped-logo-trasparente-300x300.png 300w, https:\/\/flowalp.com\/wp-content\/uploads\/2026\/02\/cropped-cropped-logo-trasparente-150x150.png 150w, https:\/\/flowalp.com\/wp-content\/uploads\/2026\/02\/cropped-cropped-logo-trasparente-100x100.png 100w, https:\/\/flowalp.com\/wp-content\/uploads\/2026\/02\/cropped-cropped-logo-trasparente-80x80.png 80w, https:\/\/flowalp.com\/wp-content\/uploads\/2026\/02\/cropped-cropped-logo-trasparente-394x394.png 394w, https:\/\/flowalp.com\/wp-content\/uploads\/2026\/02\/cropped-cropped-logo-trasparente-303x303.png 303w, https:\/\/flowalp.com\/wp-content\/uploads\/2026\/02\/cropped-cropped-logo-trasparente-270x270.png 270w, https:\/\/flowalp.com\/wp-content\/uploads\/2026\/02\/cropped-cropped-logo-trasparente-192x192.png 192w, https:\/\/flowalp.com\/wp-content\/uploads\/2026\/02\/cropped-cropped-logo-trasparente-180x180.png 180w, https:\/\/flowalp.com\/wp-content\/uploads\/2026\/02\/cropped-cropped-logo-trasparente-32x32.png 32w, https:\/\/flowalp.com\/wp-content\/uploads\/2026\/02\/cropped-cropped-logo-trasparente.png 512w\" sizes=\"(max-width: 300px) 100vw, 300px\" \/>\t\t\t\t\t\t\t\t\t\t\t\t\t\t\t<\/div>\n\t\t\t\t<\/div>\n\t\t\t\t<div class=\"elementor-element elementor-element-zggir4x elementor-widget elementor-widget-spacer\" data-id=\"zggir4x\" data-element_type=\"widget\" data-widget_type=\"spacer.default\">\n\t\t\t\t<div class=\"elementor-widget-container\">\n\t\t\t\t\t\t\t<div class=\"elementor-spacer\">\n\t\t\t<div class=\"elementor-spacer-inner\"><\/div>\n\t\t<\/div>\n\t\t\t\t\t\t<\/div>\n\t\t\t\t<\/div>\n\t\t\t\t\t<\/div>\n\t\t<\/div>\n\t\t\t\t\t<\/div>\n\t\t<\/section>\n\t\t\t\t<section class=\"elementor-section elementor-top-section elementor-element elementor-element-hjc9ajr elementor-section-boxed elementor-section-height-default elementor-section-height-default\" data-id=\"hjc9ajr\" data-element_type=\"section\" data-settings=\"{&quot;background_background&quot;:&quot;classic&quot;}\">\n\t\t\t\t\t\t<div class=\"elementor-container elementor-column-gap-default\">\n\t\t\t\t\t<div class=\"elementor-column elementor-col-100 elementor-top-column elementor-element elementor-element-uw5w3ux\" data-id=\"uw5w3ux\" data-element_type=\"column\">\n\t\t\t<div class=\"elementor-widget-wrap elementor-element-populated\">\n\t\t\t\t\t\t<div class=\"elementor-element elementor-element-lty9xa1 elementor-widget elementor-widget-spacer\" data-id=\"lty9xa1\" data-element_type=\"widget\" data-widget_type=\"spacer.default\">\n\t\t\t\t<div class=\"elementor-widget-container\">\n\t\t\t\t\t\t\t<div class=\"elementor-spacer\">\n\t\t\t<div class=\"elementor-spacer-inner\"><\/div>\n\t\t<\/div>\n\t\t\t\t\t\t<\/div>\n\t\t\t\t<\/div>\n\t\t\t\t<div class=\"elementor-element elementor-element-o9fmqip elementor-invisible elementor-widget elementor-widget-themo-call-to-action\" data-id=\"o9fmqip\" data-element_type=\"widget\" data-settings=\"{&quot;_animation&quot;:&quot;fadeInUp&quot;}\" data-widget_type=\"themo-call-to-action.default\">\n\t\t\t\t<div class=\"elementor-widget-container\">\n\t\t\t\t\t\t\t<div class=\"th-cta\">\n\t\t\t\t\t        <div class=\"th-cta-text\">\n\t\t            <span>Stratus convient-il \u00e0 votre entreprise ? Achetez-le maintenant sur ThemeForest !<\/span>\n\t\t        <\/div>\n\t\t    \n                        <div class=\"th-cta-btn\">\n\n                                    <a class=\"btn-1 btn th-btn btn-standard-light\" href=\"#\">\n                                                    Acheter le th\u00e8me                                            <\/a>\n                \n                            <\/div>\n            \t\t<\/div>\n\t\t\t\t\t\t<\/div>\n\t\t\t\t<\/div>\n\t\t\t\t<div class=\"elementor-element elementor-element-3i06665 elementor-widget elementor-widget-spacer\" data-id=\"3i06665\" data-element_type=\"widget\" data-widget_type=\"spacer.default\">\n\t\t\t\t<div class=\"elementor-widget-container\">\n\t\t\t\t\t\t\t<div class=\"elementor-spacer\">\n\t\t\t<div class=\"elementor-spacer-inner\"><\/div>\n\t\t<\/div>\n\t\t\t\t\t\t<\/div>\n\t\t\t\t<\/div>\n\t\t\t\t\t<\/div>\n\t\t<\/div>\n\t\t\t\t\t<\/div>\n\t\t<\/section>\n\t\t\t\t<\/div>\n\t\t","protected":false},"excerpt":{"rendered":"<p>Paiements en ligne adapt\u00e9s \u00e0 tous les flux de travail Des liens de paiement aux plugins de boutique pr\u00eats \u00e0 l&#8217;emploi, FlowAlp Pay vous aide \u00e0 commencer \u00e0 accepter les paiements en ligne rapidement \u2014 avec des options flexibles pour &hellip; <a href=\"https:\/\/flowalp.com\/fr\/flowalp-pay-en-ligne\/\">Read More<\/a><\/p>\n","protected":false},"author":2,"featured_media":0,"parent":0,"menu_order":48,"comment_status":"closed","ping_status":"closed","template":"","meta":{"footnotes":""},"class_list":["post-1111","page","type-page","status-publish","hentry"],"_links":{"self":[{"href":"https:\/\/flowalp.com\/fr\/wp-json\/wp\/v2\/pages\/1111","targetHints":{"allow":["GET"]}}],"collection":[{"href":"https:\/\/flowalp.com\/fr\/wp-json\/wp\/v2\/pages"}],"about":[{"href":"https:\/\/flowalp.com\/fr\/wp-json\/wp\/v2\/types\/page"}],"author":[{"embeddable":true,"href":"https:\/\/flowalp.com\/fr\/wp-json\/wp\/v2\/users\/2"}],"replies":[{"embeddable":true,"href":"https:\/\/flowalp.com\/fr\/wp-json\/wp\/v2\/comments?post=1111"}],"version-history":[{"count":1,"href":"https:\/\/flowalp.com\/fr\/wp-json\/wp\/v2\/pages\/1111\/revisions"}],"predecessor-version":[{"id":1115,"href":"https:\/\/flowalp.com\/fr\/wp-json\/wp\/v2\/pages\/1111\/revisions\/1115"}],"wp:attachment":[{"href":"https:\/\/flowalp.com\/fr\/wp-json\/wp\/v2\/media?parent=1111"}],"curies":[{"name":"wp","href":"https:\/\/api.w.org\/{rel}","templated":true}]}}