{"id":1242,"date":"2026-03-03T09:15:35","date_gmt":"2026-03-03T09:15:35","guid":{"rendered":"https:\/\/flowalp.com\/allgemeine-geschaeftsbedingungen\/"},"modified":"2026-05-10T15:31:12","modified_gmt":"2026-05-10T15:31:12","slug":"allgemeine-geschaeftsbedingungen","status":"publish","type":"page","link":"https:\/\/flowalp.com\/de\/allgemeine-geschaeftsbedingungen\/","title":{"rendered":"Allgemeine Gesch\u00e4ftsbedingungen"},"content":{"rendered":"\t\t<div data-elementor-type=\"wp-post\" data-elementor-id=\"1242\" class=\"elementor elementor-1242 elementor-757\">\n\t\t\t\t\t\t<section class=\"elementor-section elementor-top-section elementor-element elementor-element-zj6jjty elementor-section-height-min-height elementor-section-boxed elementor-section-height-default elementor-section-items-middle\" data-id=\"zj6jjty\" data-element_type=\"section\" data-settings=\"{&quot;background_background&quot;:&quot;classic&quot;}\">\n\t\t\t\t\t\t\t<div class=\"elementor-background-overlay\"><\/div>\n\t\t\t\t\t\t\t<div class=\"elementor-container elementor-column-gap-default\">\n\t\t\t\t\t<div class=\"elementor-column elementor-col-100 elementor-top-column elementor-element elementor-element-gpqnzgu\" data-id=\"gpqnzgu\" data-element_type=\"column\">\n\t\t\t<div class=\"elementor-widget-wrap elementor-element-populated\">\n\t\t\t\t\t\t<div class=\"elementor-element elementor-element-ze1ctz3 elementor-widget elementor-widget-spacer\" data-id=\"ze1ctz3\" data-element_type=\"widget\" data-widget_type=\"spacer.default\">\n\t\t\t\t<div class=\"elementor-widget-container\">\n\t\t\t\t\t\t\t<div class=\"elementor-spacer\">\n\t\t\t<div class=\"elementor-spacer-inner\"><\/div>\n\t\t<\/div>\n\t\t\t\t\t\t<\/div>\n\t\t\t\t<\/div>\n\t\t\t\t<div class=\"elementor-element elementor-element-qx4nrah elementor-view-default elementor-position-top elementor-invisible elementor-widget elementor-widget-themo-header\" data-id=\"qx4nrah\" data-element_type=\"widget\" data-settings=\"{&quot;_animation&quot;:&quot;fadeIn&quot;}\" data-widget_type=\"themo-header.default\">\n\t\t\t\t<div class=\"elementor-widget-container\">\n\t\t\t\t\t\t\t<div class=\"th-header-wrap\">\n        <div class=\"elementor-icon-box-wrapper \">\n                            <div class=\"elementor-icon-box-content\">\n                    <h1 class=\"elementor-icon-box-title\">\n                        Allgemeine Gesch\u00e4ftsbedingungen                    <\/h1>\n                                        <p class=\"elementor-icon-box-description\"><\/p>\n\n                                    <\/div>\n            <\/div>\n\n        <\/div>\n\n\t\t\t\t\t\t<\/div>\n\t\t\t\t<\/div>\n\t\t\t\t<div class=\"elementor-element elementor-element-omcpdho elementor-widget elementor-widget-spacer\" data-id=\"omcpdho\" data-element_type=\"widget\" data-widget_type=\"spacer.default\">\n\t\t\t\t<div class=\"elementor-widget-container\">\n\t\t\t\t\t\t\t<div class=\"elementor-spacer\">\n\t\t\t<div class=\"elementor-spacer-inner\"><\/div>\n\t\t<\/div>\n\t\t\t\t\t\t<\/div>\n\t\t\t\t<\/div>\n\t\t\t\t\t<\/div>\n\t\t<\/div>\n\t\t\t\t\t<\/div>\n\t\t<\/section>\n\t\t\t\t<section class=\"elementor-section elementor-top-section elementor-element elementor-element-ulvllrb elementor-section-boxed elementor-section-height-default elementor-section-height-default\" data-id=\"ulvllrb\" data-element_type=\"section\" data-settings=\"{&quot;background_background&quot;:&quot;classic&quot;}\">\n\t\t\t\t\t\t<div class=\"elementor-container elementor-column-gap-default\">\n\t\t\t\t\t<div class=\"elementor-column elementor-col-100 elementor-top-column elementor-element elementor-element-xfodklp\" data-id=\"xfodklp\" data-element_type=\"column\">\n\t\t\t<div class=\"elementor-widget-wrap elementor-element-populated\">\n\t\t\t\t\t\t<div class=\"elementor-element elementor-element-17535a2 elementor-widget elementor-widget-text-editor\" data-id=\"17535a2\" data-element_type=\"widget\" data-widget_type=\"text-editor.default\">\n\t\t\t\t<div class=\"elementor-widget-container\">\n\t\t\t\t\t\t\t\t\t<p data-start=\"214\" data-end=\"262\"><strong data-start=\"214\" data-end=\"260\">Allgemeine Gesch\u00e4ftsbedingungen (AGB) von FlowAlp SAGL<\/strong><\/p><p data-start=\"264\" data-end=\"301\"><strong data-start=\"264\" data-end=\"299\">Stand: 23. Januar 2026<\/strong><\/p><ol data-start=\"303\" data-end=\"324\"><li data-start=\"303\" data-end=\"324\"><p data-start=\"306\" data-end=\"324\"><strong data-start=\"306\" data-end=\"322\">Einleitung<\/strong><\/p><\/li><\/ol><p data-start=\"326\" data-end=\"636\">Diese Allgemeinen Gesch\u00e4ftsbedingungen (\u201eBedingungen\u201c) regeln die Nutzung der von FlowAlp SAGL (\u201eFlowAlp\u201c, \u201ewir\u201c, \u201euns\u201c, \u201eunser\u201c) bereitgestellten Dienste, einschlie\u00dflich, aber nicht beschr\u00e4nkt auf unsere Website flowalp.com, unsere Eventmanagement-Tools, Zahlungsabwicklungsdienste, Planungsplattform und alle zugeh\u00f6rigen Software oder L\u00f6sungen (\u201eDienste\u201c).<\/p><p data-start=\"638\" data-end=\"753\">Durch die Nutzung unserer Dienste stimmen Sie diesen Bedingungen zu.<br data-start=\"686\" data-end=\"689\">Wenn Sie nicht zustimmen, m\u00fcssen Sie die Nutzung unserer Dienste einstellen.<\/p><ol start=\"2\" data-start=\"755\" data-end=\"796\"><li data-start=\"755\" data-end=\"796\"><p data-start=\"758\" data-end=\"796\"><strong data-start=\"758\" data-end=\"794\">Vorrang individueller Vertr\u00e4ge<\/strong><\/p><\/li><\/ol><p data-start=\"798\" data-end=\"973\">Besteht ein schriftlicher Vertrag zwischen FlowAlp und einem Kunden (z. B. einem Eventveranstalter, Unternehmen oder einer Organisation), so hat der individuelle Vertrag Vorrang vor diesen Bedingungen.<\/p><p data-start=\"975\" data-end=\"1083\">Diese Bedingungen gelten nur, wenn die individuelle Vereinbarung keine spezifischen Anweisungen enth\u00e4lt oder diesbez\u00fcglich keine Regelung trifft.<\/p><ol start=\"3\" data-start=\"1085\" data-end=\"1124\"><li data-start=\"1085\" data-end=\"1124\"><p data-start=\"1088\" data-end=\"1124\"><strong data-start=\"1088\" data-end=\"1122\">Gerichtsstand und anwendbares Recht<\/strong><\/p><\/li><\/ol><p data-start=\"1126\" data-end=\"1314\">Alle Dienste unterliegen ausschlie\u00dflich schweizerischem Recht.<br data-start=\"1177\" data-end=\"1180\">Ausschlie\u00dflicher Gerichtsstand f\u00fcr alle Streitigkeiten, die sich aus oder im Zusammenhang mit unseren Diensten oder diesen Bedingungen ergeben, ist Biasca, Schweiz.<\/p><p data-start=\"1316\" data-end=\"1368\">Es gilt keine andere Gerichtsbarkeit oder Rechtsordnung.<\/p><ol start=\"4\" data-start=\"1370\" data-end=\"1426\"><li data-start=\"1370\" data-end=\"1426\"><p data-start=\"1373\" data-end=\"1426\"><strong data-start=\"1373\" data-end=\"1424\">Art der Dienste \u2013 Best Effort, keine Garantien<\/strong><\/p><\/li><\/ol><p data-start=\"1428\" data-end=\"1498\">Alle von FlowAlp bereitgestellten Dienste werden nach bestem Wissen und Gewissen (\u201eBest Effort\u201c) angeboten.<\/p><p data-start=\"1500\" data-end=\"1510\">FlowAlp:<\/p><ul data-start=\"1512\" data-end=\"1785\"><li data-start=\"1512\" data-end=\"1545\"><p data-start=\"1514\" data-end=\"1545\">\u00dcbernimmt keine rechtlichen Garantien,<\/p><\/li><li data-start=\"1546\" data-end=\"1611\"><p data-start=\"1548\" data-end=\"1611\">Bietet keinerlei ausdr\u00fcckliche oder stillschweigende Gew\u00e4hrleistungen an,<\/p><\/li><li data-start=\"1612\" data-end=\"1703\"><p data-start=\"1614\" data-end=\"1703\">Garantiert weder Verf\u00fcgbarkeit, Zuverl\u00e4ssigkeit, Genauigkeit noch einen unterbrechungsfreien Betrieb, und<\/p><\/li><li data-start=\"1704\" data-end=\"1785\"><p data-start=\"1706\" data-end=\"1785\">Haftet nicht f\u00fcr technische Probleme, Ausfallzeiten oder Ausf\u00e4lle von Drittsystemen.<\/p><\/li><\/ul><p data-start=\"1787\" data-end=\"1845\">Alle Dienste werden \u201ewie besehen\u201c und ohne jegliche Gew\u00e4hrleistung geliefert.<\/p><ol start=\"5\" data-start=\"1847\" data-end=\"1907\"><li data-start=\"1847\" data-end=\"1907\"><p data-start=\"1850\" data-end=\"1907\"><strong data-start=\"1850\" data-end=\"1905\">Verantwortlichkeiten von Eventveranstaltern und Unternehmen<\/strong><\/p><\/li><\/ol><p data-start=\"1909\" data-end=\"2160\">FlowAlp stellt Tools f\u00fcr Eventmanagement, Zahlungsabwicklung, Personalverwaltung und verwandte Funktionen bereit.<br data-start=\"2024\" data-end=\"2027\">FlowAlp ist nicht der Veranstalter von Events und nicht der Anbieter von Endprodukten oder Dienstleistungen, es sei denn, dies wird ausdr\u00fccklich anders angegeben.<\/p><p data-start=\"2162\" data-end=\"2204\"><strong data-start=\"2162\" data-end=\"2202\">5.1 Verantwortlichkeiten des Eventveranstalters<\/strong><\/p><p data-start=\"2206\" data-end=\"2283\">Eventveranstalter, Unternehmen oder Institutionen (\u201eVeranstalter\u201c), die FlowAlp nutzen:<\/p><ul data-start=\"2285\" data-end=\"2789\"><li data-start=\"2285\" data-end=\"2349\"><p data-start=\"2287\" data-end=\"2349\">Sind voll und allein verantwortlich f\u00fcr die von ihnen durchgef\u00fchrten Events<\/p><\/li><li data-start=\"2350\" data-end=\"2424\"><p data-start=\"2352\" data-end=\"2424\">Sind voll verantwortlich f\u00fcr die Richtigkeit der von ihnen bereitgestellten Informationen<\/p><\/li><li data-start=\"2425\" data-end=\"2530\"><p data-start=\"2427\" data-end=\"2530\">Sind voll verantwortlich f\u00fcr die Produkte, Dienstleistungen, Vorteile und Erlebnisse, die sie Endnutzern bieten<\/p><\/li><li data-start=\"2531\" data-end=\"2639\"><p data-start=\"2533\" data-end=\"2639\">Haften f\u00fcr alle Kosten, Sch\u00e4den oder rechtlichen Konsequenzen, die sich aus ihren Event- oder Gesch\u00e4ftsaktivit\u00e4ten ergeben<\/p><\/li><li data-start=\"2640\" data-end=\"2724\"><p data-start=\"2642\" data-end=\"2724\">M\u00fcssen den gesamten Kundenservice, Beschwerden und R\u00fcckerstattungsanfragen von Endnutzern bearbeiten<\/p><\/li><li data-start=\"2725\" data-end=\"2789\"><p data-start=\"2727\" data-end=\"2789\">M\u00fcssen alle lokalen Gesetze einhalten, die f\u00fcr ihre T\u00e4tigkeit gelten<\/p><\/li><\/ul><p data-start=\"2791\" data-end=\"2922\">FlowAlp stellt lediglich die technische Infrastruktur zur Verf\u00fcgung und \u00fcbernimmt keine Verantwortung f\u00fcr das Verhalten oder die Verpflichtungen des Veranstalters.<\/p><p data-start=\"2924\" data-end=\"2980\"><strong data-start=\"2924\" data-end=\"2978\">5.2 Zus\u00e4tzliche Kosten, R\u00fcckbuchungen und Ger\u00e4tegeb\u00fchren<\/strong><\/p><p data-start=\"2982\" data-end=\"3088\">Veranstalter sind f\u00fcr alle Kosten verantwortlich, die durch ihre Aktivit\u00e4ten entstehen, einschlie\u00dflich, aber nicht beschr\u00e4nkt auf:<\/p><ul data-start=\"3090\" data-end=\"3583\"><li data-start=\"3090\" data-end=\"3205\"><p data-start=\"3092\" data-end=\"3205\">R\u00fcckbuchungen: Alle Geb\u00fchren und Kosten im Zusammenhang mit R\u00fcckbuchungen liegen in der alleinigen Verantwortung des Veranstalters oder H\u00e4ndlers<\/p><\/li><li data-start=\"3206\" data-end=\"3226\"><p data-start=\"3208\" data-end=\"3226\">Zahlungsstreitigkeiten<\/p><\/li><li data-start=\"3227\" data-end=\"3270\"><p data-start=\"3229\" data-end=\"3270\">Von Zahlungsdienstleistern erhobene Strafgeb\u00fchren<\/p><\/li><li data-start=\"3271\" data-end=\"3287\"><p data-start=\"3273\" data-end=\"3287\">R\u00fcckerstattungskosten<\/p><\/li><li data-start=\"3288\" data-end=\"3311\"><p data-start=\"3290\" data-end=\"3311\">Verwaltungsgeb\u00fchren<\/p><\/li><li data-start=\"3312\" data-end=\"3424\"><p data-start=\"3314\" data-end=\"3424\">Jeder finanzielle Verlust, der FlowAlp aufgrund von Handlungen oder Unterlassungen des Veranstalters entsteht, wird dem Veranstalter in Rechnung gestellt.<\/p><\/li><li data-start=\"3425\" data-end=\"3583\"><p data-start=\"3427\" data-end=\"3583\">Jedes FlowAlp-Ger\u00e4t (z. B. POS-Terminal), das verloren geht, besch\u00e4digt wird oder am Ende des Vertrags nicht zur\u00fcckgegeben wird, kann <strong data-start=\"3543\" data-end=\"3581\">eine Geb\u00fchr von bis zu CHF 700 pro Ger\u00e4t<\/strong> nach sich ziehen.<\/p><\/li><\/ul><ol start=\"6\" data-start=\"3585\" data-end=\"3639\"><li data-start=\"3585\" data-end=\"3639\"><p data-start=\"3588\" data-end=\"3639\"><strong data-start=\"3588\" data-end=\"3637\">Zahlungsabwicklung und Drittunternehmen<\/strong><\/p><\/li><\/ol><p data-start=\"3641\" data-end=\"3729\">FlowAlp kann Zahlungen im Auftrag Dritter abwickeln, einschlie\u00dflich, aber nicht beschr\u00e4nkt auf:<\/p><ul data-start=\"3731\" data-end=\"3850\"><li data-start=\"3731\" data-end=\"3751\"><p data-start=\"3733\" data-end=\"3751\">Eventveranstalter<\/p><\/li><li data-start=\"3752\" data-end=\"3767\"><p data-start=\"3754\" data-end=\"3767\">Restaurants<\/p><\/li><li data-start=\"3768\" data-end=\"3786\"><p data-start=\"3770\" data-end=\"3786\">Lebensmittelanbieter<\/p><\/li><li data-start=\"3787\" data-end=\"3807\"><p data-start=\"3789\" data-end=\"3807\">Lokale Unternehmen<\/p><\/li><li data-start=\"3808\" data-end=\"3830\"><p data-start=\"3810\" data-end=\"3830\">Anbieter von Aktivit\u00e4ten<\/p><\/li><li data-start=\"3831\" data-end=\"3850\"><p data-start=\"3833\" data-end=\"3850\">Dienstleister<\/p><\/li><\/ul><p data-start=\"3852\" data-end=\"3944\">FlowAlp fungiert je nach Konfiguration lediglich als technischer Vermittler oder Inkassostelle.<\/p><p data-start=\"3946\" data-end=\"4000\"><strong data-start=\"3946\" data-end=\"3998\">6.1 Verantwortung f\u00fcr Endprodukte und Dienstleistungen<\/strong><\/p><p data-start=\"4002\" data-end=\"4092\">Wenn FlowAlp Zahlungen f\u00fcr ein Unternehmen (z. B. ein Restaurant oder einen Dienstleister) abwickelt:<\/p><p data-start=\"4094\" data-end=\"4226\">FlowAlp stellt die tats\u00e4chlichen Produkte, Dienstleistungen, Speisen, Reservierungen oder Erlebnisse nicht bereit, garantiert sie nicht und \u00fcbernimmt keine Verantwortung daf\u00fcr.<\/p><p data-start=\"4228\" data-end=\"4286\">Das Unternehmen selbst ist voll und allein verantwortlich f\u00fcr:<\/p><ul data-start=\"4288\" data-end=\"4456\"><li data-start=\"4288\" data-end=\"4329\"><p data-start=\"4290\" data-end=\"4329\">Die Qualit\u00e4t der Dienstleistung oder des Produkts<\/p><\/li><li data-start=\"4330\" data-end=\"4363\"><p data-start=\"4332\" data-end=\"4363\">Die Lieferung des Gekauften<\/p><\/li><li data-start=\"4364\" data-end=\"4417\"><p data-start=\"4366\" data-end=\"4417\">Die Bearbeitung von Beschwerden, R\u00fcckerstattungsanfragen oder Streitigkeiten<\/p><\/li><li data-start=\"4418\" data-end=\"4456\"><p data-start=\"4420\" data-end=\"4456\">Jegliche Einhaltung gesetzlicher oder beh\u00f6rdlicher Vorschriften<\/p><\/li><\/ul><p data-start=\"4458\" data-end=\"4487\"><strong data-start=\"4458\" data-end=\"4485\">6.2 Beschwerden von Endnutzern<\/strong><\/p><p data-start=\"4489\" data-end=\"4626\">Endnutzer m\u00fcssen alle Beschwerden, Anfragen, Streitigkeiten und R\u00fcckerstattungsanfragen direkt an das verantwortliche Unternehmen oder den Eventveranstalter richten.<\/p><p data-start=\"4628\" data-end=\"4674\">FlowAlp vermittelt keine Streitigkeiten bez\u00fcglich:<\/p><ul data-start=\"4676\" data-end=\"4794\"><li data-start=\"4676\" data-end=\"4707\"><p data-start=\"4678\" data-end=\"4707\">Speisen, Produkte oder Dienstleistungen<\/p><\/li><li data-start=\"4708\" data-end=\"4729\"><p data-start=\"4710\" data-end=\"4729\">Event-Erlebnisse<\/p><\/li><li data-start=\"4730\" data-end=\"4752\"><p data-start=\"4732\" data-end=\"4752\">Reservierungsprobleme<\/p><\/li><li data-start=\"4753\" data-end=\"4772\"><p data-start=\"4755\" data-end=\"4772\">Servicequalit\u00e4t<\/p><\/li><li data-start=\"4773\" data-end=\"4794\"><p data-start=\"4775\" data-end=\"4794\">Lieferausf\u00e4lle<\/p><\/li><\/ul><p data-start=\"4796\" data-end=\"4911\">FlowAlp kann Endnutzeranliegen an den entsprechenden Veranstalter oder das Unternehmen weiterleiten, ohne dabei Verantwortung zu \u00fcbernehmen.<\/p><ol start=\"7\" data-start=\"4913\" data-end=\"4929\"><li data-start=\"4913\" data-end=\"4929\"><p data-start=\"4916\" data-end=\"4929\"><strong data-start=\"4916\" data-end=\"4927\">R\u00fcckerstattungen<\/strong><\/p><\/li><\/ol><p data-start=\"4931\" data-end=\"5026\">FlowAlp nimmt keine R\u00fcckerstattungen f\u00fcr Produkte oder Dienstleistungen vor, die von Veranstaltern oder Unternehmen bereitgestellt werden.<\/p><p data-start=\"5028\" data-end=\"5076\">R\u00fcckerstattungsanfragen m\u00fcssen direkt an folgende Stellen gerichtet werden:<\/p><ul data-start=\"5078\" data-end=\"5160\"><li data-start=\"5078\" data-end=\"5105\"><p data-start=\"5080\" data-end=\"5105\">Den Eventveranstalter, oder<\/p><\/li><li data-start=\"5106\" data-end=\"5160\"><p data-start=\"5108\" data-end=\"5160\">Das Unternehmen, das das Endprodukt oder die Dienstleistung bereitstellt.<\/p><\/li><\/ul><p data-start=\"5162\" data-end=\"5195\">FlowAlp ist nicht verantwortlich f\u00fcr:<\/p><ul data-start=\"5197\" data-end=\"5335\"><li data-start=\"5197\" data-end=\"5217\"><p data-start=\"5199\" data-end=\"5217\">R\u00fcckerstattungsentscheidungen<\/p><\/li><li data-start=\"5218\" data-end=\"5239\"><p data-start=\"5220\" data-end=\"5239\">R\u00fcckerstattungsabwicklung<\/p><\/li><li data-start=\"5240\" data-end=\"5281\"><p data-start=\"5242\" data-end=\"5281\">Verz\u00f6gerung, Ablehnung oder Bearbeitung von R\u00fcckerstattungen<\/p><\/li><li data-start=\"5282\" data-end=\"5335\"><p data-start=\"5284\" data-end=\"5335\">Verluste, die sich aus Handlungen des Veranstalters oder Unternehmens ergeben<\/p><\/li><\/ul><ol start=\"8\" data-start=\"5337\" data-end=\"5369\"><li data-start=\"5337\" data-end=\"5369\"><p data-start=\"5340\" data-end=\"5369\"><strong data-start=\"5340\" data-end=\"5367\">Haftungsbeschr\u00e4nkung<\/strong><\/p><\/li><\/ol><p data-start=\"5371\" data-end=\"5421\">Im gr\u00f6\u00dftm\u00f6glichen gesetzlich zul\u00e4ssigen Umfang nach schweizerischem Recht:<\/p><ul data-start=\"5423\" data-end=\"5987\"><li data-start=\"5423\" data-end=\"5518\"><p data-start=\"5425\" data-end=\"5518\">FlowAlp haftet nicht f\u00fcr indirekte, zuf\u00e4llige, strafrechtliche, besondere oder Folgesch\u00e4den<\/p><\/li><li data-start=\"5519\" data-end=\"5578\"><p data-start=\"5521\" data-end=\"5578\">FlowAlp haftet nicht f\u00fcr Handlungen von Veranstaltern oder Unternehmen<\/p><\/li><li data-start=\"5579\" data-end=\"5668\"><p data-start=\"5581\" data-end=\"5668\">FlowAlp haftet nicht f\u00fcr Systemausf\u00e4lle, Datenverluste oder Ausf\u00e4lle von Drittanbieterdiensten<\/p><\/li><li data-start=\"5669\" data-end=\"5758\"><p data-start=\"5671\" data-end=\"5758\">FlowAlp ist nicht verantwortlich f\u00fcr die Richtigkeit der von Nutzern oder Veranstaltern eingegebenen Daten<\/p><\/li><li data-start=\"5759\" data-end=\"5835\"><p data-start=\"5761\" data-end=\"5835\">FlowAlp ist nicht verantwortlich f\u00fcr Endprodukte, Dienstleistungen oder Eventergebnisse<\/p><\/li><li data-start=\"5836\" data-end=\"5987\"><p data-start=\"5838\" data-end=\"5987\">Die Gesamthaftung von FlowAlp f\u00fcr jegliche Anspr\u00fcche ist auf den Betrag begrenzt, den der Kunde f\u00fcr den spezifischen Dienst in den 30 Tagen vor dem Vorfall gezahlt hat<\/p><\/li><\/ul><ol start=\"9\" data-start=\"5989\" data-end=\"6035\"><li data-start=\"5989\" data-end=\"6035\"><p data-start=\"5992\" data-end=\"6035\"><strong data-start=\"5992\" data-end=\"6033\">Aussetzung oder Beendigung von Diensten<\/strong><\/p><\/li><\/ol><p data-start=\"6037\" data-end=\"6144\">FlowAlp kann den Zugang zu Diensten jederzeit aus Gr\u00fcnden aussetzen oder beenden, einschlie\u00dflich, aber nicht beschr\u00e4nkt auf:<\/p><ul data-start=\"6146\" data-end=\"6288\"><li data-start=\"6146\" data-end=\"6155\"><p data-start=\"6148\" data-end=\"6155\">Betrug<\/p><\/li><li data-start=\"6156\" data-end=\"6165\"><p data-start=\"6158\" data-end=\"6165\">Missbrauch<\/p><\/li><li data-start=\"6166\" data-end=\"6192\"><p data-start=\"6168\" data-end=\"6192\">Fehlgebrauch der Plattform<\/p><\/li><li data-start=\"6193\" data-end=\"6213\"><p data-start=\"6195\" data-end=\"6213\">Rechtsverst\u00f6\u00dfe<\/p><\/li><li data-start=\"6214\" data-end=\"6229\"><p data-start=\"6216\" data-end=\"6229\">Nichtzahlung<\/p><\/li><li data-start=\"6230\" data-end=\"6262\"><p data-start=\"6232\" data-end=\"6262\">Technische oder Sicherheitsprobleme<\/p><\/li><li data-start=\"6263\" data-end=\"6288\"><p data-start=\"6265\" data-end=\"6288\">Versto\u00df gegen diese Bedingungen<\/p><\/li><\/ul><ol start=\"10\" data-start=\"6290\" data-end=\"6322\"><li data-start=\"6290\" data-end=\"6322\"><p data-start=\"6294\" data-end=\"6322\"><strong data-start=\"6294\" data-end=\"6320\">\u00c4nderungen dieser Bedingungen<\/strong><\/p><\/li><\/ol><p data-start=\"6324\" data-end=\"6536\">FlowAlp kann diese Bedingungen jederzeit aktualisieren oder \u00e4ndern. Die aktualisierten Bedingungen werden mit einem \u00fcberarbeiteten G\u00fcltigkeitsdatum auf der Website ver\u00f6ffentlicht. Die fortgesetzte Nutzung der Dienste stellt die Annahme der aktualisierten Bedingungen dar.  <\/p>\t\t\t\t\t\t\t\t<\/div>\n\t\t\t\t<\/div>\n\t\t\t\t\t<\/div>\n\t\t<\/div>\n\t\t\t\t\t<\/div>\n\t\t<\/section>\n\t\t\t\t<\/div>\n\t\t","protected":false},"excerpt":{"rendered":"<p>Allgemeine Gesch\u00e4ftsbedingungen Allgemeine Gesch\u00e4ftsbedingungen (AGB) von FlowAlp SAGL Stand: 23. Januar 2026 Einleitung Diese Allgemeinen Gesch\u00e4ftsbedingungen (\u201eBedingungen\u201c) regeln die Nutzung der von FlowAlp SAGL (\u201eFlowAlp\u201c, \u201ewir\u201c, \u201euns\u201c, \u201eunser\u201c) bereitgestellten Dienste, einschlie\u00dflich, aber nicht beschr\u00e4nkt auf unsere Website flowalp.com, unsere Eventmanagement-Tools, &hellip; <a href=\"https:\/\/flowalp.com\/de\/allgemeine-geschaeftsbedingungen\/\">Read More<\/a><\/p>\n","protected":false},"author":2,"featured_media":0,"parent":0,"menu_order":49,"comment_status":"closed","ping_status":"closed","template":"","meta":{"footnotes":""},"class_list":["post-1242","page","type-page","status-publish","hentry"],"_links":{"self":[{"href":"https:\/\/flowalp.com\/de\/wp-json\/wp\/v2\/pages\/1242","targetHints":{"allow":["GET"]}}],"collection":[{"href":"https:\/\/flowalp.com\/de\/wp-json\/wp\/v2\/pages"}],"about":[{"href":"https:\/\/flowalp.com\/de\/wp-json\/wp\/v2\/types\/page"}],"author":[{"embeddable":true,"href":"https:\/\/flowalp.com\/de\/wp-json\/wp\/v2\/users\/2"}],"replies":[{"embeddable":true,"href":"https:\/\/flowalp.com\/de\/wp-json\/wp\/v2\/comments?post=1242"}],"version-history":[{"count":1,"href":"https:\/\/flowalp.com\/de\/wp-json\/wp\/v2\/pages\/1242\/revisions"}],"predecessor-version":[{"id":1244,"href":"https:\/\/flowalp.com\/de\/wp-json\/wp\/v2\/pages\/1242\/revisions\/1244"}],"wp:attachment":[{"href":"https:\/\/flowalp.com\/de\/wp-json\/wp\/v2\/media?parent=1242"}],"curies":[{"name":"wp","href":"https:\/\/api.w.org\/{rel}","templated":true}]}}